{"id":811,"date":"2019-07-18T08:36:23","date_gmt":"2019-07-18T08:36:23","guid":{"rendered":"http:\/\/www.ghosteyes.fi\/aaveet\/?page_id=811"},"modified":"2026-03-31T17:37:07","modified_gmt":"2026-03-31T17:37:07","slug":"aussiepentuja","status":"publish","type":"page","link":"https:\/\/www.ghosteyes.fi\/aaveet\/aussiepentuja\/","title":{"rendered":"Aussiepentuja!"},"content":{"rendered":"<h3 class=\"has-text-align-center\" style=\"text-align: center;\">Ghosteye\u2019s Lovely Cappucino \u2764\ufe0f Ghosteye\u2019s Kuckuniwi<\/h3>\n<p style=\"text-align: center;\">16.03.2026 syntyi 3 narttua ja 2 urosta!<\/p>\n<p style=\"text-align: center;\"><em>\u00a0<\/em>Kuvia ja uutisia p\u00e4ivitet\u00e4\u00e4n meid\u00e4n facebookiin ja instagramiin @kennelghosteyes<\/p>\n<p style=\"text-align: center;\">\u2764\ufe0f<\/p>\n<p style=\"text-align: center;\"><em><a href=\"https:\/\/jalostus.kennelliitto.fi\/frmSukutaulu.aspx?RekNoE=FI59575\/21&amp;ReknoI=FI29138\/20\" target=\"_blank\" rel=\"noreferrer noopener\" aria-label=\"Sukutaulu (opens in a new tab)\" data-rich-text-format-boundary=\"true\">Sukutaulu<\/a><\/em><\/p>\n<p>\u00a0<\/p>\n<p><em>Kaikkien pentujeni hinnat sis\u00e4lt\u00e4v\u00e4t alv 25,5%. Y-tunnus 2847561-4 WillaHillan El\u00e4inpalvelut.<\/em><\/p>\n\n\n<hr class=\"wp-block-separator has-css-opacity\"\/>\n\n\n<h5 class=\"has-text-align-center\" style=\"text-align: center;\">Em\u00e4: Ghosteye\u2019s Lovely Cappucino &#8221;Kajo&#8221;<\/h5>\n<p style=\"text-align: center;\"><a href=\"https:\/\/www.ghosteyes.fi\/aaveet\/wp-content\/uploads\/2026\/01\/9713d29a-a80c-4f16-bf2c-fc7d2d556c84-e1768471701299.jpeg\"><img loading=\"lazy\" decoding=\"async\" class=\"aligncenter size-medium wp-image-2326\" src=\"https:\/\/www.ghosteyes.fi\/aaveet\/wp-content\/uploads\/2026\/01\/9713d29a-a80c-4f16-bf2c-fc7d2d556c84-e1768471701299-300x268.jpeg\" alt=\"\" width=\"300\" height=\"268\" srcset=\"https:\/\/www.ghosteyes.fi\/aaveet\/wp-content\/uploads\/2026\/01\/9713d29a-a80c-4f16-bf2c-fc7d2d556c84-e1768471701299-300x268.jpeg 300w, https:\/\/www.ghosteyes.fi\/aaveet\/wp-content\/uploads\/2026\/01\/9713d29a-a80c-4f16-bf2c-fc7d2d556c84-e1768471701299-768x687.jpeg 768w, https:\/\/www.ghosteyes.fi\/aaveet\/wp-content\/uploads\/2026\/01\/9713d29a-a80c-4f16-bf2c-fc7d2d556c84-e1768471701299.jpeg 830w\" sizes=\"auto, (max-width: 300px) 100vw, 300px\" \/><\/a><\/p>\n<p><em data-rich-text-format-boundary=\"true\">Terveys:<\/em><\/p>\n<p>silm\u00e4t: OK\/2026, kyyn\u00e4reet: 0\/0, lonkat: A\/A, polvet: 0\/0, olkap\u00e4\u00e4t terveet<\/p>\n<p>selk\u00e4: VA0 (normaali), lukum\u00e4\u00e4r\u00e4: 0, SP0 (puhdas), LTV0 (normaali)<\/p>\n<p><a href=\"https:\/\/www.wisdompanel.com\/app\/s\/p8ml91q\/\">MyDogDNA<\/a><\/p>\n<p>Pitk\u00e4 h\u00e4nt\u00e4<\/p>\n<blockquote>\n<p><em>Kajo on avoin, vilkas ja sosiaalinen tyyppi, joka rakastaa kaikki ihmisi\u00e4 vauvasta vaariin. Se ty\u00f6skentelee nepsyvalmentajan ty\u00f6parina ja onkin siin\u00e4 hommassa varsin taitava ja pidetty. Harrastuksena on p\u00e4\u00e4asiassa rally-toko, jossa on saavuttanut koulutustunnuksen RTK2 ja kisaa t\u00e4ll\u00e4 hetkell\u00e4 voittajaluokassa. Lis\u00e4ksi Kajo harrastaa agilitya ja omatoimista fasaaninpaimennusta aina kun omistajan silm\u00e4 v\u00e4ltt\u00e4\u00e4 ja tilaisuus koittaa. Tavaramerkkin\u00e4 Kajolla on alati heiluva h\u00e4nt\u00e4, hymyilev\u00e4 naama ja iloinen kujerrus silloin, kun omaa vuoroa ei mill\u00e4\u00e4n malttaisi odottaa. Ty\u00f6moodi on vahva ja t\u00f6it\u00e4 tehd\u00e4\u00e4n \u00e4\u00e4nett\u00f6m\u00e4sti, tosissaan mutta ei koskaan otsa kurtussa. Palkkana toimii niin lelut, herkut kuin kehutkin. Vahtivietti\u00e4 l\u00f6ytyy my\u00f6s sopivasti sen verran, etteiv\u00e4t ep\u00e4ilytt\u00e4v\u00e4t tyypit j\u00e4\u00e4 piha-aidan vierelle turhia notkumaan. \ud83d\ude42<\/em><\/p>\n<p><em>&#8211; Kajon omistajan terveiset<\/em><\/p>\n<\/blockquote>\n\n\n<hr class=\"wp-block-separator has-css-opacity\"\/>\n\n\n<h5 class=\"has-text-align-center\" style=\"text-align: center;\">Is\u00e4: Ghosteye\u2019s Kuckuniwi &#8221;Taavi&#8221;<\/h5>\n<p style=\"text-align: center;\"><a href=\"https:\/\/www.ghosteyes.fi\/aaveet\/wp-content\/uploads\/2026\/01\/Taavi_1v-10-scaled-e1768471887368.png\"><img loading=\"lazy\" decoding=\"async\" class=\"aligncenter size-medium wp-image-2327\" src=\"https:\/\/www.ghosteyes.fi\/aaveet\/wp-content\/uploads\/2026\/01\/Taavi_1v-10-scaled-e1768471887368-300x240.png\" alt=\"\" width=\"300\" height=\"240\" srcset=\"https:\/\/www.ghosteyes.fi\/aaveet\/wp-content\/uploads\/2026\/01\/Taavi_1v-10-scaled-e1768471887368-300x240.png 300w, https:\/\/www.ghosteyes.fi\/aaveet\/wp-content\/uploads\/2026\/01\/Taavi_1v-10-scaled-e1768471887368.png 597w\" sizes=\"auto, (max-width: 300px) 100vw, 300px\" \/><\/a><\/p>\n<p><em>T<\/em><em>erveys:<\/em><\/p>\n<p>silm\u00e4t: OK\/2026, kyyn\u00e4reet: 0\/0, lonkat: B\/B, polvet 0\/0, olkap\u00e4\u00e4t terveet<\/p>\n<p>selk\u00e4: VA0 (normaali), lukum\u00e4\u00e4r\u00e4: 0, LTV0 (normaali), SP0 (puhdas)<\/p>\n<p>Luonnont\u00f6p\u00f6h\u00e4nt\u00e4<\/p>\n<blockquote>\n<p><em>Taavi on tasapainoinen ja kiltti uros, jonka kanssa arki on helppoa. Taavi el\u00e4\u00e4 aktiivista lenkkikaverin el\u00e4m\u00e4\u00e4, ja h\u00e4nest\u00e4 huokuu hyv\u00e4ntahtoinen luonne. H\u00e4n on el\u00e4m\u00e4niloinen, miellytt\u00e4misenhaluinen ja ihmisrakas, mutta my\u00f6s itsen\u00e4inen ja rohkea. Taavi on rauhallinen ja kaikkien k\u00e4sitelt\u00e4viss\u00e4. Taavin kanssa on tutustuttu useiden eri lajien alkeisiin (agility, rallytoko, toko, j\u00e4lki ja koirahiihto), joissa h\u00e4n on osoittautunut nopeasti oppivaksi ja miellytt\u00e4v\u00e4ksi harrastuskaveriksi.<\/em><\/p>\n<p><em>Taavi on eritt\u00e4in koirasosiaalinen ja sopeutuu vaivattomasti erilaisiin ymp\u00e4rist\u00f6ihin, matkustamiseen sek\u00e4 kohtaamisiin niin lasten, vieraiden ihmisten kuin koirien ja muidenkin el\u00e4inten kanssa. H\u00e4n innostuu helposti, ja silloin h\u00e4nen malttamattomuus kuuluu pienin\u00e4 \u00e4\u00e4n\u00e4hdyksin\u00e4 ja iloisena olemuksena. Luonteessa ei ole lainkaan dominanssia, resurssiaggressiivisuutta, riistavietti\u00e4 tai hampaiden k\u00e4ytt\u00f6\u00e4.\u00a0<\/em><\/p>\n<p><em>&#8211; Taavin omistajan terveiset<\/em><\/p>\n<\/blockquote>\n\n\n<hr class=\"wp-block-separator has-css-opacity\"\/>\n\n\n<hr \/>\n\n\n<div class=\"wp-block-group\"><div class=\"wp-block-group__inner-container is-layout-flow wp-block-group-is-layout-flow\">\n<div class=\"wp-block-columns is-layout-flex wp-container-core-columns-is-layout-9d6595d7 wp-block-columns-is-layout-flex\">\n<div class=\"wp-block-column is-layout-flow wp-block-column-is-layout-flow\" style=\"flex-basis:100%\"><\/div>\n<\/div>\n\n\n\n<div class=\"wp-block-columns is-layout-flex wp-container-core-columns-is-layout-9d6595d7 wp-block-columns-is-layout-flex\">\n<div class=\"wp-block-column is-layout-flow wp-block-column-is-layout-flow\">\n<figure class=\"wp-block-gallery has-nested-images columns-default is-cropped wp-block-gallery-1 is-layout-flex wp-block-gallery-is-layout-flex\">\n<figure class=\"wp-block-image size-large\"><a href=\"https:\/\/www.ghosteyes.fi\/aaveet\/wp-content\/uploads\/2026\/01\/Taavi15kk-scaled-e1768472127561.jpeg\"><img loading=\"lazy\" decoding=\"async\" width=\"683\" height=\"1024\" data-id=\"2321\" src=\"https:\/\/www.ghosteyes.fi\/aaveet\/wp-content\/uploads\/2026\/01\/Taavi15kk-683x1024.jpeg\" alt=\"\" class=\"wp-image-2321\"\/><\/a><\/figure>\n\n\n\n<figure class=\"wp-block-image size-large\"><a href=\"https:\/\/www.ghosteyes.fi\/aaveet\/wp-content\/uploads\/2026\/01\/97c29543-94a4-422e-8a85-f5205c501886-e1768471775648.jpeg\"><img loading=\"lazy\" decoding=\"async\" width=\"557\" height=\"1024\" data-id=\"2317\" src=\"https:\/\/www.ghosteyes.fi\/aaveet\/wp-content\/uploads\/2026\/01\/97c29543-94a4-422e-8a85-f5205c501886-e1768471775648-557x1024.jpeg\" alt=\"\" class=\"wp-image-2317\" srcset=\"https:\/\/www.ghosteyes.fi\/aaveet\/wp-content\/uploads\/2026\/01\/97c29543-94a4-422e-8a85-f5205c501886-e1768471775648-557x1024.jpeg 557w, https:\/\/www.ghosteyes.fi\/aaveet\/wp-content\/uploads\/2026\/01\/97c29543-94a4-422e-8a85-f5205c501886-e1768471775648-163x300.jpeg 163w, https:\/\/www.ghosteyes.fi\/aaveet\/wp-content\/uploads\/2026\/01\/97c29543-94a4-422e-8a85-f5205c501886-e1768471775648.jpeg 768w\" sizes=\"auto, (max-width: 557px) 100vw, 557px\" \/><\/a><\/figure>\n<\/figure>\n<\/div>\n<\/div>\n<\/div><\/div>\n\n\n\n<figure class=\"wp-block-gallery has-nested-images columns-default is-cropped wp-block-gallery-2 is-layout-flex wp-block-gallery-is-layout-flex\">\n<figure class=\"wp-block-image size-large\"><a href=\"https:\/\/www.ghosteyes.fi\/aaveet\/wp-content\/uploads\/2026\/01\/IMG_6398-scaled-e1768472452385.jpeg\"><img loading=\"lazy\" decoding=\"async\" width=\"683\" height=\"1024\" data-id=\"2319\" src=\"https:\/\/www.ghosteyes.fi\/aaveet\/wp-content\/uploads\/2026\/01\/IMG_6398-683x1024.jpeg\" alt=\"\" class=\"wp-image-2319\"\/><\/a><\/figure>\n\n\n\n<figure class=\"wp-block-image size-large\"><a href=\"https:\/\/www.ghosteyes.fi\/aaveet\/wp-content\/uploads\/2026\/01\/1c44c276-21b1-4de1-b136-4a21eccee3c1-e1768471751935.jpeg\"><img loading=\"lazy\" decoding=\"async\" width=\"473\" height=\"1024\" data-id=\"2325\" src=\"https:\/\/www.ghosteyes.fi\/aaveet\/wp-content\/uploads\/2026\/01\/1c44c276-21b1-4de1-b136-4a21eccee3c1-473x1024.jpeg\" alt=\"\" class=\"wp-image-2325\"\/><\/a><\/figure>\n<\/figure>\n\n\n\n<div class=\"wp-block-columns is-layout-flex wp-container-core-columns-is-layout-9d6595d7 wp-block-columns-is-layout-flex\">\n<div class=\"wp-block-column is-layout-flow wp-block-column-is-layout-flow\">\n<figure class=\"wp-block-gallery has-nested-images columns-default is-cropped wp-block-gallery-3 is-layout-flex wp-block-gallery-is-layout-flex\">\n<figure class=\"wp-block-image size-large\"><a href=\"https:\/\/www.ghosteyes.fi\/aaveet\/wp-content\/uploads\/2026\/01\/50ea4f4d-09ef-48b5-9756-decb0359a60b.jpeg\"><img loading=\"lazy\" decoding=\"async\" width=\"1024\" height=\"1024\" data-id=\"2324\" src=\"https:\/\/www.ghosteyes.fi\/aaveet\/wp-content\/uploads\/2026\/01\/50ea4f4d-09ef-48b5-9756-decb0359a60b-1024x1024.jpeg\" alt=\"\" class=\"wp-image-2324\" srcset=\"https:\/\/www.ghosteyes.fi\/aaveet\/wp-content\/uploads\/2026\/01\/50ea4f4d-09ef-48b5-9756-decb0359a60b-1024x1024.jpeg 1024w, https:\/\/www.ghosteyes.fi\/aaveet\/wp-content\/uploads\/2026\/01\/50ea4f4d-09ef-48b5-9756-decb0359a60b-300x300.jpeg 300w, https:\/\/www.ghosteyes.fi\/aaveet\/wp-content\/uploads\/2026\/01\/50ea4f4d-09ef-48b5-9756-decb0359a60b-150x150.jpeg 150w, https:\/\/www.ghosteyes.fi\/aaveet\/wp-content\/uploads\/2026\/01\/50ea4f4d-09ef-48b5-9756-decb0359a60b-768x768.jpeg 768w, https:\/\/www.ghosteyes.fi\/aaveet\/wp-content\/uploads\/2026\/01\/50ea4f4d-09ef-48b5-9756-decb0359a60b-1536x1536.jpeg 1536w, https:\/\/www.ghosteyes.fi\/aaveet\/wp-content\/uploads\/2026\/01\/50ea4f4d-09ef-48b5-9756-decb0359a60b.jpeg 1728w\" sizes=\"auto, (max-width: 1024px) 100vw, 1024px\" \/><\/a><\/figure>\n\n\n\n<figure class=\"wp-block-image size-large\"><a href=\"https:\/\/www.ghosteyes.fi\/aaveet\/wp-content\/uploads\/2026\/01\/e482beb6-3f87-4242-a732-3ff4eb664626.jpeg\"><img loading=\"lazy\" decoding=\"async\" width=\"898\" height=\"971\" data-id=\"2323\" src=\"https:\/\/www.ghosteyes.fi\/aaveet\/wp-content\/uploads\/2026\/01\/e482beb6-3f87-4242-a732-3ff4eb664626.jpeg\" alt=\"\" class=\"wp-image-2323\" srcset=\"https:\/\/www.ghosteyes.fi\/aaveet\/wp-content\/uploads\/2026\/01\/e482beb6-3f87-4242-a732-3ff4eb664626.jpeg 898w, https:\/\/www.ghosteyes.fi\/aaveet\/wp-content\/uploads\/2026\/01\/e482beb6-3f87-4242-a732-3ff4eb664626-277x300.jpeg 277w, https:\/\/www.ghosteyes.fi\/aaveet\/wp-content\/uploads\/2026\/01\/e482beb6-3f87-4242-a732-3ff4eb664626-768x830.jpeg 768w\" sizes=\"auto, (max-width: 898px) 100vw, 898px\" \/><\/a><\/figure>\n\n\n\n<figure class=\"wp-block-image size-large\"><a href=\"https:\/\/www.ghosteyes.fi\/aaveet\/wp-content\/uploads\/2026\/01\/IMG_0082-e1768472414563.jpeg\"><img loading=\"lazy\" decoding=\"async\" width=\"1024\" height=\"683\" data-id=\"2318\" src=\"https:\/\/www.ghosteyes.fi\/aaveet\/wp-content\/uploads\/2026\/01\/IMG_0082-1024x683.jpeg\" alt=\"\" class=\"wp-image-2318\"\/><\/a><\/figure>\n<\/figure>\n<\/div>\n<\/div>\n\n\n\n<div class=\"wp-block-columns is-layout-flex wp-container-core-columns-is-layout-9d6595d7 wp-block-columns-is-layout-flex\">\n<div class=\"wp-block-column is-layout-flow wp-block-column-is-layout-flow\">\n<p style=\"text-align: center;\"><a href=\"https:\/\/www.ghosteyes.fi\/aaveet\/wp-content\/uploads\/2026\/01\/Taavi15kk-8-scaled-e1768472432253.jpeg\"><img loading=\"lazy\" decoding=\"async\" class=\"aligncenter size-medium wp-image-2322\" src=\"https:\/\/www.ghosteyes.fi\/aaveet\/wp-content\/uploads\/2026\/01\/Taavi15kk-8-300x200.jpeg\" alt=\"\" width=\"300\" height=\"200\" \/><\/a><\/p>\n<p>Taavin kuvat: Katri Loukusa<\/p>\n<\/div>\n\n\n\n<div class=\"wp-block-column is-layout-flow wp-block-column-is-layout-flow\">\n<p><a title=\"N\" href=\"https:\/\/www.ghosteyes.fi\/aaveet\/n\/\">Taavin siskon pentue N<\/a> ja <a title=\"M\" href=\"https:\/\/www.ghosteyes.fi\/aaveet\/m\/\">pentue M<\/a><\/p>\n<p><a title=\"O\" href=\"https:\/\/www.ghosteyes.fi\/aaveet\/o\/\">Kajon siskon pentue O<\/a><\/p>\n<\/div>\n<\/div>\n\n\n\n<p><\/p>\n","protected":false},"excerpt":{"rendered":"<p>Ghosteye\u2019s Lovely Cappucino \u2764\ufe0f Ghosteye\u2019s Kuckuniwi 16.03.2026 syntyi 3 narttua ja 2 urosta! \u00a0Kuvia ja uutisia p\u00e4ivitet\u00e4\u00e4n meid\u00e4n facebookiin ja instagramiin @kennelghosteyes \u2764\ufe0f Sukutaulu \u00a0 Kaikkien pentujeni hinnat sis\u00e4lt\u00e4v\u00e4t alv 25,5%. Y-tunnus 2847561-4 WillaHillan El\u00e4inpalvelut. Em\u00e4: Ghosteye\u2019s Lovely Cappucino &#8221;Kajo&#8221; Terveys: silm\u00e4t: OK\/2026, kyyn\u00e4reet: 0\/0, lonkat: A\/A, polvet: 0\/0, olkap\u00e4\u00e4t terveet selk\u00e4: VA0 (normaali), lukum\u00e4\u00e4r\u00e4:&#8230;<\/p>\n","protected":false},"author":1,"featured_media":0,"parent":0,"menu_order":0,"comment_status":"closed","ping_status":"closed","template":"","meta":{"sfsi_plus_gutenberg_text_before_share":"","sfsi_plus_gutenberg_show_text_before_share":"","sfsi_plus_gutenberg_icon_type":"","sfsi_plus_gutenberg_icon_alignemt":"","sfsi_plus_gutenburg_max_per_row":"","footnotes":""},"class_list":["post-811","page","type-page","status-publish","hentry"],"aioseo_notices":[],"_links":{"self":[{"href":"https:\/\/www.ghosteyes.fi\/aaveet\/wp-json\/wp\/v2\/pages\/811","targetHints":{"allow":["GET"]}}],"collection":[{"href":"https:\/\/www.ghosteyes.fi\/aaveet\/wp-json\/wp\/v2\/pages"}],"about":[{"href":"https:\/\/www.ghosteyes.fi\/aaveet\/wp-json\/wp\/v2\/types\/page"}],"author":[{"embeddable":true,"href":"https:\/\/www.ghosteyes.fi\/aaveet\/wp-json\/wp\/v2\/users\/1"}],"replies":[{"embeddable":true,"href":"https:\/\/www.ghosteyes.fi\/aaveet\/wp-json\/wp\/v2\/comments?post=811"}],"version-history":[{"count":152,"href":"https:\/\/www.ghosteyes.fi\/aaveet\/wp-json\/wp\/v2\/pages\/811\/revisions"}],"predecessor-version":[{"id":2427,"href":"https:\/\/www.ghosteyes.fi\/aaveet\/wp-json\/wp\/v2\/pages\/811\/revisions\/2427"}],"wp:attachment":[{"href":"https:\/\/www.ghosteyes.fi\/aaveet\/wp-json\/wp\/v2\/media?parent=811"}],"curies":[{"name":"wp","href":"https:\/\/api.w.org\/{rel}","templated":true}]}}