{"id":628,"date":"2018-06-20T18:33:08","date_gmt":"2018-06-20T18:33:08","guid":{"rendered":"http:\/\/www.ghosteyes.fi\/aaveet\/?page_id=628"},"modified":"2024-06-20T18:53:08","modified_gmt":"2024-06-20T18:53:08","slug":"happy","status":"publish","type":"page","link":"https:\/\/www.ghosteyes.fi\/aaveet\/happy\/","title":{"rendered":"Happy"},"content":{"rendered":"<p style=\"text-align: center;\"><strong>Fr\u00f6ken Fr\u00e4kens Gunnar Str\u00e4ngh<\/strong>\u00a0x\u00a0<strong>Ghosteye\u2019s Tough Athelas<\/strong><\/p>\n<p style=\"text-align: center;\"><a href=\"https:\/\/jalostus.kennelliitto.fi\/frmSukutaulu.aspx?RekNoI=FI45397\/15&amp;ReknoE=FI22376\/14\">sukutaulu<\/a><\/p>\n<p style=\"text-align: center;\">s. 02.05.2018<\/p>\n<hr \/>\n<p style=\"text-align: center;\">Ghosteye\u2019s Happy Lydia \u201cHilma\u201d<\/p>\n<p style=\"text-align: center;\"><a href=\"http:\/\/www.ghosteyes.fi\/aaveet\/wp-content\/uploads\/2018\/06\/hilma-e1529843594304.jpg\"><img loading=\"lazy\" decoding=\"async\" class=\"alignnone wp-image-633\" src=\"http:\/\/www.ghosteyes.fi\/aaveet\/wp-content\/uploads\/2018\/06\/hilma-300x217.jpg\" alt=\"\" width=\"200\" height=\"145\" \/><\/a><\/p>\n<hr \/>\n<p style=\"text-align: center;\">Ghosteye\u2019s Happy Ringo \u201cRingo\u201d<\/p>\n<p style=\"text-align: center;\"><a href=\"https:\/\/www.ghosteyes.fi\/aaveet\/wp-content\/uploads\/2019\/07\/IMG_7759-e1593160555348.jpg\"><img loading=\"lazy\" decoding=\"async\" class=\"alignnone wp-image-830\" src=\"https:\/\/www.ghosteyes.fi\/aaveet\/wp-content\/uploads\/2019\/07\/IMG_7759-300x200.jpg\" alt=\"\" width=\"217\" height=\"145\" \/><\/a><\/p>\n<hr \/>\n<p style=\"text-align: center;\">Ghosteye\u2019s Happy Joe \u201cPatu\u201d<\/p>\n<p style=\"text-align: center;\"><a href=\"http:\/\/www.ghosteyes.fi\/aaveet\/wp-content\/uploads\/2018\/06\/patu-e1529843704473.jpg\"><img loading=\"lazy\" decoding=\"async\" class=\"alignnone size-full wp-image-634\" src=\"http:\/\/www.ghosteyes.fi\/aaveet\/wp-content\/uploads\/2018\/06\/patu-e1529843704473.jpg\" alt=\"\" width=\"200\" height=\"144\" \/><\/a><\/p>\n<hr \/>\n<p style=\"text-align: center;\">Ghosteye\u2019s Happy Bob \u201cOtto\u201d<\/p>\n<p style=\"text-align: center;\"><a href=\"http:\/\/www.ghosteyes.fi\/aaveet\/wp-content\/uploads\/2018\/06\/bobi-e1529843726906.jpg\"><img loading=\"lazy\" decoding=\"async\" class=\"alignnone size-full wp-image-632\" src=\"http:\/\/www.ghosteyes.fi\/aaveet\/wp-content\/uploads\/2018\/06\/bobi-e1529843726906.jpg\" alt=\"\" width=\"200\" height=\"144\" \/><\/a><\/p>\n","protected":false},"excerpt":{"rendered":"<p>Fr\u00f6ken Fr\u00e4kens Gunnar Str\u00e4ngh\u00a0x\u00a0Ghosteye\u2019s Tough Athelas sukutaulu s. 02.05.2018 Ghosteye\u2019s Happy Lydia \u201cHilma\u201d Ghosteye\u2019s Happy Ringo \u201cRingo\u201d Ghosteye\u2019s Happy Joe \u201cPatu\u201d Ghosteye\u2019s Happy Bob \u201cOtto\u201d<\/p>\n","protected":false},"author":1,"featured_media":0,"parent":0,"menu_order":0,"comment_status":"closed","ping_status":"closed","template":"","meta":{"sfsi_plus_gutenberg_text_before_share":"","sfsi_plus_gutenberg_show_text_before_share":"","sfsi_plus_gutenberg_icon_type":"","sfsi_plus_gutenberg_icon_alignemt":"","sfsi_plus_gutenburg_max_per_row":"","footnotes":""},"class_list":["post-628","page","type-page","status-publish","hentry"],"aioseo_notices":[],"_links":{"self":[{"href":"https:\/\/www.ghosteyes.fi\/aaveet\/wp-json\/wp\/v2\/pages\/628","targetHints":{"allow":["GET"]}}],"collection":[{"href":"https:\/\/www.ghosteyes.fi\/aaveet\/wp-json\/wp\/v2\/pages"}],"about":[{"href":"https:\/\/www.ghosteyes.fi\/aaveet\/wp-json\/wp\/v2\/types\/page"}],"author":[{"embeddable":true,"href":"https:\/\/www.ghosteyes.fi\/aaveet\/wp-json\/wp\/v2\/users\/1"}],"replies":[{"embeddable":true,"href":"https:\/\/www.ghosteyes.fi\/aaveet\/wp-json\/wp\/v2\/comments?post=628"}],"version-history":[{"count":13,"href":"https:\/\/www.ghosteyes.fi\/aaveet\/wp-json\/wp\/v2\/pages\/628\/revisions"}],"predecessor-version":[{"id":2070,"href":"https:\/\/www.ghosteyes.fi\/aaveet\/wp-json\/wp\/v2\/pages\/628\/revisions\/2070"}],"wp:attachment":[{"href":"https:\/\/www.ghosteyes.fi\/aaveet\/wp-json\/wp\/v2\/media?parent=628"}],"curies":[{"name":"wp","href":"https:\/\/api.w.org\/{rel}","templated":true}]}}