{"id":6,"date":"2018-01-22T18:39:18","date_gmt":"2018-01-22T18:39:18","guid":{"rendered":"http:\/\/www.ghosteyes.fi\/aaveet\/?page_id=6"},"modified":"2025-10-11T13:59:24","modified_gmt":"2025-10-11T13:59:24","slug":"kasvattaja","status":"publish","type":"page","link":"https:\/\/www.ghosteyes.fi\/aaveet\/kasvattaja\/","title":{"rendered":"Kasvattaja"},"content":{"rendered":"<p>Olen Marjo Ratilainen ja kasvatan pienimuotoisesti australianpaimenkoiria ja pieniamerikanpaimenkoiria kennelnimell\u00e4 Ghosteye&#8217;s. Perheeseeni kuuluvat my\u00f6s mieheni Jouni sek\u00e4 jo aikuiset lapset Jenna, Ville ja Jonne, australianpaimenkoirat Misti ja Foxi, australian koolie Koda, pieniamerikanpaimenet Mette ja Pekko, sek\u00e4 sekalainen joukko erilaisia el\u00e4imi\u00e4, joista voit lukea enemm\u00e4n t\u00e4\u00e4lt\u00e4: <a href=\"http:\/\/www.willahilla.com\">willahilla.com<\/a><\/p>\n<p>Asumme rauhallisessa maalaisymp\u00e4rist\u00f6ss\u00e4 Kiimingin Huttukyl\u00e4ss\u00e4 n. 25km p\u00e4\u00e4ss\u00e4 Oulusta. Harrastusmahdollisuudet t\u00e4\u00e4ll\u00e4 ovat hyv\u00e4t ja luontoa ymp\u00e4rill\u00e4 riitt\u00e4\u00e4.<\/p>\n<p>Koirien kanssa touhuan l\u00e4hinn\u00e4 min\u00e4, mit\u00e4 nyt mieheni ja nuorin poikamme harrastivat Tinni-parsonin ja Irma-beaglen kanssa mets\u00e4styst\u00e4. Itse olen harrastanut ja kilpaillut koirieni kanssa eri lajeissa vuodesta 1995, jolloin my\u00f6s ostin ensimm\u00e4isen australianpaimenkoira uroksen Sidin (Fin Mva &amp; Tva JK1 BH Dancing Skies Sidney) Dancing Skies kennelist\u00e4. Kilpailemisen aloitin bordercollie uros Santun kanssa Sidin ollessa pentu. Santtu saavuttikin &#8221;varjovalion&#8221; arvon helposti. Sidist\u00e4 tuli hieman my\u00f6hemmin Suomen ensimm\u00e4inen kaksoisvalio. Siit\u00e4 harrastaminen pikkuhiljaa laajeni ja olen sen j\u00e4lkeen kilpaillut ja kilpailen edelleen mm. tokossa, agilityss\u00e4 ja PK-j\u00e4ljell\u00e4. Saavutuksista ja tuloksista l\u00f6ytyy enemm\u00e4n koirien omilta sivuilta. My\u00f6s muita harrastuksia on tullut kokeiltua omaksi ja koirien iloksi mm. hakua, viesti\u00e4, paimennusta, vesipelastusta ja vetohiihtoa. Viimeksi mainitusta t\u00e4ytynee mainita, ett\u00e4 Lissu (Fin Mva Tva Kva JK3 BH) on my\u00f6s kilpaillut Katri Loukusan kanssa ensimm\u00e4isen\u00e4 australianpaimenkoirana kyseisess\u00e4 lajissa ja vaatimattomasti voittivat luokkansa. Parsoni Tinnin (Fin Kva-L Bordetella&#8217;s Tiny Toon) kanssa olemme my\u00f6s harjoitelleet niin keino- kuin luonnon luolilla ja kev\u00e4\u00e4ll\u00e4 2012 p\u00e4\u00e4sikin valioksi. My\u00f6skin verij\u00e4lki ja mej\u00e4-hommat kiinnostaa.<\/p>\n<p>Kasvatus toiminnasta innostuin vuonna 2000, kun sain Dancing Skies kennelist\u00e4 sijoitukseen monitoimikoira Lissun. Gerry ja Todd antoivat minulle hienon mahdollisuuden &#8221;harjoitella&#8221; kasvattajan arkea antamalla Lissun tehd\u00e4 ensimm\u00e4iset sijoituspennut minun luonani. Potteripennut syntyiv\u00e4t vuonna 2003. T\u00e4t\u00e4 ennen k\u00e4vin vuonna 2001-2002 kasvattajan peruskurssin sek\u00e4 jatkokurssin ja sain oman kennelnimen Ghosteye&#8217;s. Ensimm\u00e4inen oma aavesilm\u00e4-pentue syntyi vuonna 2004. Samalla tavalla olen my\u00f6s aloitellut parsonien kasvattamisen Bordetella&#8217;s kasvattaja Anne Mielosen avustuksella. Tinnin sijoituspennut syntyiv\u00e4t meill\u00e4 vuonna 2009, kiitos my\u00f6s Annelle t\u00e4st\u00e4 hienosta tilaisuudesta, sek\u00e4 upeasta pienest\u00e4 monitoimikoirasta. Ensimm\u00e4inen oma parsonipentue syntyi 25.05.2011 .<\/p>\n<p>Kasvatan n\u00e4it\u00e4 rotuja pienimuotoisesti, pentueen silloin t\u00e4ll\u00f6in ja hyvin harkiten. Tavoitteena tietenkin mahdollisimman terveet, hyv\u00e4luonteiset rotum\u00e4\u00e4ritelm\u00e4n mukaiset koirat. T\u00e4ydellisi\u00e4 pentueita on mahdoton kasvattaa, jokaisessa yhdistelm\u00e4ss\u00e4 on aina jotakin, mutta tietenkin tavoitteena on aina mahdollisimman t\u00e4ydellinen yhdistelm\u00e4. Pyrin mahdollisuuksien mukaan siihen, ett\u00e4 toinen puolisko yhdistelm\u00e4st\u00e4 t\u00e4ydent\u00e4\u00e4 toisen puoliskon puutteita jne. Kasvatan n\u00e4it\u00e4 rotuja l\u00e4hinn\u00e4 harrastuskoiriksi eri harrasteisiin, ei pelkiksi kotikoiriksi. Tavoittelen my\u00f6s, ett\u00e4 rotujen alkuper\u00e4iset k\u00e4ytt\u00f6ominaisuudet ovat my\u00f6s tallella, my\u00f6skin hyv\u00e4 ulkon\u00e4k\u00f6 on plussaa, mutta luonnollisesti kaikkea ei aina voi saada. Hyv\u00e4 rotum\u00e4\u00e4ritelm\u00e4n mukainen luonne on my\u00f6s yksi t\u00e4rkeimpi\u00e4 kriteerej\u00e4 jalostuskoirillani ja pyrinkin luonnetestaamaan, k\u00e4ytt\u00e4m\u00e4\u00e4n MH-testiss\u00e4 tai rodunomaisessa kokeessa jalostukseen k\u00e4ytett\u00e4v\u00e4t koirani. Tuloksen perusteella katson, onko koira sopiva jalostusk\u00e4ytt\u00f6\u00f6n.<\/p>\n<p>Myyn pennut ainoastaan harrastaviin ja aktiivisiin koteihin. Ns. kilpailupakkoa ei ole, mutta pelkiksii sohvaperunoiksi ei mielest\u00e4ni n\u00e4ist\u00e4 roduista ole. Siin\u00e4p\u00e4s ne t\u00e4rkeimm\u00e4t, mik\u00e4li haluat kuulla enemm\u00e4n minusta, koiristani tai roduista, vastaan mielell\u00e4ni kysymyksiisi. Yhteystietoni l\u00f6ytyv\u00e4t etusivulta.<\/p>\n\n\n<div class=\"wp-block-columns is-layout-flex wp-container-core-columns-is-layout-9d6595d7 wp-block-columns-is-layout-flex\">\n<div class=\"wp-block-column is-layout-flow wp-block-column-is-layout-flow\" style=\"flex-basis:100%\"><\/div>\n<\/div>\n\n\n<div class=\"wp-block-image\">\n<figure class=\"aligncenter size-large\"><a href=\"https:\/\/www.ghosteyes.fi\/aaveet\/wp-content\/uploads\/2021\/06\/wh1-e1630935630939.png\"><img loading=\"lazy\" decoding=\"async\" width=\"1024\" height=\"556\" src=\"https:\/\/www.ghosteyes.fi\/aaveet\/wp-content\/uploads\/2021\/06\/wh1-1024x556.png\" alt=\"\" class=\"wp-image-1396\"\/><\/a><\/figure>\n<\/div>","protected":false},"excerpt":{"rendered":"<p>Olen Marjo Ratilainen ja kasvatan pienimuotoisesti australianpaimenkoiria ja pieniamerikanpaimenkoiria kennelnimell\u00e4 Ghosteye&#8217;s. Perheeseeni kuuluvat my\u00f6s mieheni Jouni sek\u00e4 jo aikuiset lapset Jenna, Ville ja Jonne, australianpaimenkoirat Misti ja Foxi, australian koolie Koda, pieniamerikanpaimenet Mette ja Pekko, sek\u00e4 sekalainen joukko erilaisia el\u00e4imi\u00e4, joista voit lukea enemm\u00e4n t\u00e4\u00e4lt\u00e4: willahilla.com Asumme rauhallisessa maalaisymp\u00e4rist\u00f6ss\u00e4 Kiimingin Huttukyl\u00e4ss\u00e4 n. 25km p\u00e4\u00e4ss\u00e4 Oulusta&#8230;.<\/p>\n","protected":false},"author":1,"featured_media":0,"parent":0,"menu_order":0,"comment_status":"closed","ping_status":"closed","template":"","meta":{"sfsi_plus_gutenberg_text_before_share":"","sfsi_plus_gutenberg_show_text_before_share":"","sfsi_plus_gutenberg_icon_type":"","sfsi_plus_gutenberg_icon_alignemt":"","sfsi_plus_gutenburg_max_per_row":"","footnotes":""},"class_list":["post-6","page","type-page","status-publish","hentry"],"aioseo_notices":[],"_links":{"self":[{"href":"https:\/\/www.ghosteyes.fi\/aaveet\/wp-json\/wp\/v2\/pages\/6","targetHints":{"allow":["GET"]}}],"collection":[{"href":"https:\/\/www.ghosteyes.fi\/aaveet\/wp-json\/wp\/v2\/pages"}],"about":[{"href":"https:\/\/www.ghosteyes.fi\/aaveet\/wp-json\/wp\/v2\/types\/page"}],"author":[{"embeddable":true,"href":"https:\/\/www.ghosteyes.fi\/aaveet\/wp-json\/wp\/v2\/users\/1"}],"replies":[{"embeddable":true,"href":"https:\/\/www.ghosteyes.fi\/aaveet\/wp-json\/wp\/v2\/comments?post=6"}],"version-history":[{"count":16,"href":"https:\/\/www.ghosteyes.fi\/aaveet\/wp-json\/wp\/v2\/pages\/6\/revisions"}],"predecessor-version":[{"id":2234,"href":"https:\/\/www.ghosteyes.fi\/aaveet\/wp-json\/wp\/v2\/pages\/6\/revisions\/2234"}],"wp:attachment":[{"href":"https:\/\/www.ghosteyes.fi\/aaveet\/wp-json\/wp\/v2\/media?parent=6"}],"curies":[{"name":"wp","href":"https:\/\/api.w.org\/{rel}","templated":true}]}}