{"id":403,"date":"2018-01-25T17:32:03","date_gmt":"2018-01-25T17:32:03","guid":{"rendered":"http:\/\/www.ghosteyes.fi\/aaveet\/?page_id=403"},"modified":"2023-02-03T19:07:49","modified_gmt":"2023-02-03T19:07:49","slug":"elsa","status":"publish","type":"page","link":"https:\/\/www.ghosteyes.fi\/aaveet\/elsa\/","title":{"rendered":"Elsa"},"content":{"rendered":"<p style=\"text-align: center;\">Australianpaimenkoira narttu<\/p>\n<p style=\"text-align: center;\"><strong>Tuulensaaren Ruusa \u201cElsa\u201d<\/strong><\/p>\n<p style=\"text-align: center;\"><a href=\"https:\/\/jalostus.kennelliitto.fi\/frmKoira.aspx?RekNo=FI54785\/16&amp;R=342\">sukutaulu<\/a><\/p>\n<p style=\"text-align: center;\">s. 21.10.2016<br \/>\nOmistajat: Kalle S\u00e4rkel\u00e4 &amp; Marjo Ratilainen<\/p>\n<p style=\"text-align: center;\">Pentue: <a href=\"https:\/\/www.ghosteyes.fi\/aaveet\/k\/\">K<\/a><\/p>\n<p>Terveys<\/p>\n<ul>\n<li>selk\u00e4: VA0 (normaali), lukum\u00e4\u00e4r\u00e4: 0, SP0 (puhdas) LTV0 (normaali)<\/li>\n<li>silm\u00e4t: OK\/2019<\/li>\n<li>lonkat: A\/A<\/li>\n<li>polvet: 0\/0<\/li>\n<li>kyyn\u00e4reet: 0\/0<\/li>\n<li><a href=\"https:\/\/www.wisdompanel.com\/app\/s\/8y0msfj\">DNA-testi<\/a><\/li>\n<\/ul>\n<p><a href=\"https:\/\/www.ghosteyes.fi\/aaveet\/wp-content\/uploads\/2019\/11\/IMG_1000-e1573458412738.jpg\"><img loading=\"lazy\" decoding=\"async\" class=\"size-medium wp-image-970 aligncenter\" src=\"https:\/\/www.ghosteyes.fi\/aaveet\/wp-content\/uploads\/2019\/11\/IMG_1000-300x200.jpg\" alt=\"\" width=\"300\" height=\"200\" \/><\/a><\/p>\n<p style=\"text-align: center;\"><a href=\"https:\/\/www.ghosteyes.fi\/aaveet\/wp-content\/uploads\/2020\/02\/IMG_0955-e1582900509442.jpg\"><img loading=\"lazy\" decoding=\"async\" class=\"alignnone size-medium wp-image-1066\" src=\"https:\/\/www.ghosteyes.fi\/aaveet\/wp-content\/uploads\/2020\/02\/IMG_0955-300x240.jpg\" alt=\"\" width=\"300\" height=\"240\" \/><\/a><\/p>\n<p style=\"text-align: center;\"><a href=\"https:\/\/www.ghosteyes.fi\/aaveet\/wp-content\/uploads\/2020\/06\/DSC05305-e1591860434925.jpg\"><img loading=\"lazy\" decoding=\"async\" class=\"alignnone size-medium wp-image-1151\" src=\"https:\/\/www.ghosteyes.fi\/aaveet\/wp-content\/uploads\/2020\/06\/DSC05305-300x212.jpg\" alt=\"\" width=\"300\" height=\"212\" \/><\/a><\/p>\n<p style=\"text-align: center;\"><a href=\"https:\/\/www.ghosteyes.fi\/aaveet\/wp-content\/uploads\/2018\/01\/elsa2-e1517070901353.jpg\"><img loading=\"lazy\" decoding=\"async\" class=\"alignnone size-medium wp-image-431\" src=\"https:\/\/www.ghosteyes.fi\/aaveet\/wp-content\/uploads\/2018\/01\/elsa2-300x200.jpg\" alt=\"\" width=\"300\" height=\"200\" \/><\/a><\/p>\n","protected":false},"excerpt":{"rendered":"<p>Australianpaimenkoira narttu Tuulensaaren Ruusa \u201cElsa\u201d sukutaulu s. 21.10.2016 Omistajat: Kalle S\u00e4rkel\u00e4 &amp; Marjo Ratilainen Pentue: K Terveys selk\u00e4: VA0 (normaali), lukum\u00e4\u00e4r\u00e4: 0, SP0 (puhdas) LTV0 (normaali) silm\u00e4t: OK\/2019 lonkat: A\/A polvet: 0\/0 kyyn\u00e4reet: 0\/0 DNA-testi<\/p>\n","protected":false},"author":1,"featured_media":0,"parent":0,"menu_order":0,"comment_status":"closed","ping_status":"closed","template":"","meta":{"sfsi_plus_gutenberg_text_before_share":"","sfsi_plus_gutenberg_show_text_before_share":"","sfsi_plus_gutenberg_icon_type":"","sfsi_plus_gutenberg_icon_alignemt":"","sfsi_plus_gutenburg_max_per_row":"","footnotes":""},"class_list":["post-403","page","type-page","status-publish","hentry"],"aioseo_notices":[],"_links":{"self":[{"href":"https:\/\/www.ghosteyes.fi\/aaveet\/wp-json\/wp\/v2\/pages\/403","targetHints":{"allow":["GET"]}}],"collection":[{"href":"https:\/\/www.ghosteyes.fi\/aaveet\/wp-json\/wp\/v2\/pages"}],"about":[{"href":"https:\/\/www.ghosteyes.fi\/aaveet\/wp-json\/wp\/v2\/types\/page"}],"author":[{"embeddable":true,"href":"https:\/\/www.ghosteyes.fi\/aaveet\/wp-json\/wp\/v2\/users\/1"}],"replies":[{"embeddable":true,"href":"https:\/\/www.ghosteyes.fi\/aaveet\/wp-json\/wp\/v2\/comments?post=403"}],"version-history":[{"count":10,"href":"https:\/\/www.ghosteyes.fi\/aaveet\/wp-json\/wp\/v2\/pages\/403\/revisions"}],"predecessor-version":[{"id":1746,"href":"https:\/\/www.ghosteyes.fi\/aaveet\/wp-json\/wp\/v2\/pages\/403\/revisions\/1746"}],"wp:attachment":[{"href":"https:\/\/www.ghosteyes.fi\/aaveet\/wp-json\/wp\/v2\/media?parent=403"}],"curies":[{"name":"wp","href":"https:\/\/api.w.org\/{rel}","templated":true}]}}