{"id":2307,"date":"2026-03-15T12:57:31","date_gmt":"2026-03-15T12:57:31","guid":{"rendered":"https:\/\/www.ghosteyes.fi\/aaveet\/?page_id=2307"},"modified":"2026-04-15T15:33:23","modified_gmt":"2026-04-15T15:33:23","slug":"pampai-pentuja","status":"publish","type":"page","link":"https:\/\/www.ghosteyes.fi\/aaveet\/pampai-pentuja\/","title":{"rendered":"Pampai-pentuja!"},"content":{"rendered":"<h4 style=\"text-align: center;\"><strong>Dreamette Hipnoza \u2764\ufe0f Purple Rain of Surf Paradise<\/strong><\/h4>\n<p style=\"text-align: center;\">Toiveissa pieniamerikanpaimenkoiran pentuja!<\/p>\n<p style=\"text-align: center;\">Mette on astutettu 20.-23.3.2026 ja ultra varataan noin nelj\u00e4n viikon p\u00e4\u00e4h\u00e4n t\u00e4st\u00e4.<\/p>\n<p style=\"text-align: center;\"><em>\u00a0<\/em>Kuvia ja uutisia p\u00e4ivitet\u00e4\u00e4n meid\u00e4n facebookiin ja instagramiin @kennelghosteyes<\/p>\n<p style=\"text-align: center;\">\u2764\ufe0f<\/p>\n<p style=\"text-align: center;\"><em><a href=\"https:\/\/jalostus.kennelliitto.fi\/frmSukutaulu.aspx?RekNoE=FI26654\/24&amp;ReknoI=LOF1BAMERMINI4109\" target=\"_blank\" rel=\"noreferrer noopener\" aria-label=\"Sukutaulu (opens in a new tab)\" data-rich-text-format-boundary=\"true\">Sukutaulu<\/a><\/em><\/p>\n<p><em>Tiedustelut s\u00e4hk\u00f6postilla kennelghosteyes@gmail.com\u00a0<\/em><\/p>\n<p><em>Kaikkien pentujeni hinnat sis\u00e4lt\u00e4v\u00e4t alv 25,5%. Y-tunnus 2847561-4 WillaHillan El\u00e4inpalvelut.<\/em><\/p>\n<hr \/>\n<h4 class=\"has-text-align-center\" style=\"text-align: center;\">Em\u00e4: Dreamette Hipnoza &#8221;<a href=\"https:\/\/www.ghosteyes.fi\/aaveet\/mette\/\">Mette<\/a>&#8221;<\/h4>\n<p style=\"text-align: center;\"><a href=\"https:\/\/www.ghosteyes.fi\/aaveet\/wp-content\/uploads\/2026\/04\/IMG_6408_SnapseedCopy-scaled-e1776267155881.jpeg\"><img loading=\"lazy\" decoding=\"async\" class=\"aligncenter size-medium wp-image-2437\" src=\"https:\/\/www.ghosteyes.fi\/aaveet\/wp-content\/uploads\/2026\/04\/IMG_6408_SnapseedCopy-scaled-e1776267155881-300x232.jpeg\" alt=\"\" width=\"300\" height=\"232\" srcset=\"https:\/\/www.ghosteyes.fi\/aaveet\/wp-content\/uploads\/2026\/04\/IMG_6408_SnapseedCopy-scaled-e1776267155881-300x232.jpeg 300w, https:\/\/www.ghosteyes.fi\/aaveet\/wp-content\/uploads\/2026\/04\/IMG_6408_SnapseedCopy-scaled-e1776267155881.jpeg 680w\" sizes=\"auto, (max-width: 300px) 100vw, 300px\" \/><\/a><\/p>\n<p><em data-rich-text-format-boundary=\"true\">Terveys:<\/em><\/p>\n<p>silm\u00e4t OK\/2025, kyyn\u00e4reet 0\/0, lonkat B\/B, polvet 0\/0, olkap\u00e4\u00e4t terveet<\/p>\n<p>selk\u00e4: VA0 (normaali), lukum\u00e4\u00e4r\u00e4: 0, SP0 (puhdas), LTV0 (normaali)<\/p>\n<p>MyDogDNA testi puhdas<\/p>\n<p>S\u00e4k\u00e4korkeus 44-45cm (kotimittaus)<\/p>\n<p>Pitk\u00e4 h\u00e4nt\u00e4, red merle<\/p>\n<blockquote>\n<p><i>luonnekuvaus tulossa my\u00f6hemmin<\/i><\/p>\n<\/blockquote>\n<hr \/>\n<h4 class=\"has-text-align-center\" style=\"text-align: center;\">Is\u00e4: Purple Rain of Surf Paradise &#8221;<a href=\"https:\/\/ajawixens.weebly.com\/guest-male---prince---purple-rain-of-surf-paradise.html\">Prince<\/a>&#8221;<\/h4>\n<p><em><a href=\"https:\/\/www.ghosteyes.fi\/aaveet\/wp-content\/uploads\/2026\/03\/IMG_5495-scaled-e1774977557921.jpeg\"><img loading=\"lazy\" decoding=\"async\" class=\"aligncenter size-medium wp-image-2416\" src=\"https:\/\/www.ghosteyes.fi\/aaveet\/wp-content\/uploads\/2026\/03\/IMG_5495-scaled-e1774977543591-239x300.jpeg\" alt=\"\" width=\"239\" height=\"300\" \/><\/a>T<\/em><em>erveys:<\/em><\/p>\n<p>kyyn\u00e4reet 0\/0, lonkat A\/A, polvet 0\/0, silm\u00e4t OK<\/p>\n<p>DNA: PRA, CEA, HUU, CD, MDR1, DM, HSF4, CDDY, CDPA, NAD, kokonaan terveeksi testattu.<\/p>\n<p>S\u00e4k\u00e4korkeus 42cm<\/p>\n<p>Pitk\u00e4 h\u00e4nt\u00e4, Black tricolor, red carrier<\/p>\n<blockquote>\n<p><em>Multi Champion &amp; Group placer<\/em><\/p>\n<p><em>Prince is very lovely boy with nice bone, lovely tail carriage and movement.<\/em><br \/><em>\u200bPrince has lovely steady temperament, he is very sweet and friendly with people and gets along with dogs.<\/em><\/p>\n<\/blockquote>\n<hr \/>\n\n\n<figure class=\"wp-block-gallery has-nested-images columns-default is-cropped wp-block-gallery-1 is-layout-flex wp-block-gallery-is-layout-flex\">\n<figure class=\"wp-block-image size-large\"><a href=\"https:\/\/www.ghosteyes.fi\/aaveet\/wp-content\/uploads\/2026\/01\/IMG_3081-1-scaled.jpeg\"><img loading=\"lazy\" decoding=\"async\" width=\"1024\" height=\"828\" data-id=\"2312\" src=\"https:\/\/www.ghosteyes.fi\/aaveet\/wp-content\/uploads\/2026\/01\/IMG_3081-1-1024x828.jpeg\" alt=\"\" class=\"wp-image-2312\" srcset=\"https:\/\/www.ghosteyes.fi\/aaveet\/wp-content\/uploads\/2026\/01\/IMG_3081-1-1024x828.jpeg 1024w, https:\/\/www.ghosteyes.fi\/aaveet\/wp-content\/uploads\/2026\/01\/IMG_3081-1-300x243.jpeg 300w, https:\/\/www.ghosteyes.fi\/aaveet\/wp-content\/uploads\/2026\/01\/IMG_3081-1-768x621.jpeg 768w, https:\/\/www.ghosteyes.fi\/aaveet\/wp-content\/uploads\/2026\/01\/IMG_3081-1-1536x1243.jpeg 1536w, https:\/\/www.ghosteyes.fi\/aaveet\/wp-content\/uploads\/2026\/01\/IMG_3081-1-2048x1657.jpeg 2048w\" sizes=\"auto, (max-width: 1024px) 100vw, 1024px\" \/><\/a><figcaption class=\"wp-element-caption\">Mette<\/figcaption><\/figure>\n\n\n\n<figure class=\"wp-block-image size-large\"><a href=\"https:\/\/www.ghosteyes.fi\/aaveet\/wp-content\/uploads\/2026\/01\/e4c849c1-d2c8-40e9-88ba-85fdf9a15b0e.jpeg\"><img loading=\"lazy\" decoding=\"async\" width=\"1024\" height=\"978\" data-id=\"2309\" src=\"https:\/\/www.ghosteyes.fi\/aaveet\/wp-content\/uploads\/2026\/01\/e4c849c1-d2c8-40e9-88ba-85fdf9a15b0e-1024x978.jpeg\" alt=\"\" class=\"wp-image-2309\" srcset=\"https:\/\/www.ghosteyes.fi\/aaveet\/wp-content\/uploads\/2026\/01\/e4c849c1-d2c8-40e9-88ba-85fdf9a15b0e-1024x978.jpeg 1024w, https:\/\/www.ghosteyes.fi\/aaveet\/wp-content\/uploads\/2026\/01\/e4c849c1-d2c8-40e9-88ba-85fdf9a15b0e-300x287.jpeg 300w, https:\/\/www.ghosteyes.fi\/aaveet\/wp-content\/uploads\/2026\/01\/e4c849c1-d2c8-40e9-88ba-85fdf9a15b0e-768x734.jpeg 768w, https:\/\/www.ghosteyes.fi\/aaveet\/wp-content\/uploads\/2026\/01\/e4c849c1-d2c8-40e9-88ba-85fdf9a15b0e.jpeg 1080w\" sizes=\"auto, (max-width: 1024px) 100vw, 1024px\" \/><\/a><figcaption class=\"wp-element-caption\">Prince<\/figcaption><\/figure>\n<\/figure>\n\n\n\n<figure class=\"wp-block-gallery has-nested-images columns-default is-cropped wp-block-gallery-2 is-layout-flex wp-block-gallery-is-layout-flex\">\n<figure class=\"wp-block-image size-large\"><a href=\"https:\/\/www.ghosteyes.fi\/aaveet\/wp-content\/uploads\/2026\/03\/IMG_5517-scaled-e1774199481592.jpeg\"><img loading=\"lazy\" decoding=\"async\" width=\"894\" height=\"1024\" data-id=\"2386\" src=\"https:\/\/www.ghosteyes.fi\/aaveet\/wp-content\/uploads\/2026\/03\/IMG_5517-scaled-e1774199464323-894x1024.jpeg\" alt=\"\" class=\"wp-image-2386\"\/><\/a><figcaption class=\"wp-element-caption\">Prince &amp; Mette<\/figcaption><\/figure>\n<\/figure>\n\n\n\n<hr class=\"wp-block-separator has-alpha-channel-opacity\"\/>\n\n\n\n<blockquote class=\"wp-block-quote is-layout-flow wp-block-quote-is-layout-flow\">\n<p><em>Kuvia Meten vanhemmista:<\/em><\/p>\n<\/blockquote>\n\n\n\n<figure class=\"wp-block-gallery has-nested-images columns-default is-cropped wp-block-gallery-3 is-layout-flex wp-block-gallery-is-layout-flex\">\n<figure class=\"wp-block-image size-large\"><a href=\"https:\/\/www.ghosteyes.fi\/aaveet\/wp-content\/uploads\/2026\/03\/IMG_5715-e1774198894521.jpeg\"><img loading=\"lazy\" decoding=\"async\" width=\"800\" height=\"713\" data-id=\"2389\" src=\"https:\/\/www.ghosteyes.fi\/aaveet\/wp-content\/uploads\/2026\/03\/IMG_5715-e1774198894521.jpeg\" alt=\"\" class=\"wp-image-2389\"\/><\/a><figcaption class=\"wp-element-caption\">Stefania Des Costys Du Tomberg<\/figcaption><\/figure>\n\n\n\n<figure class=\"wp-block-image size-large\"><a href=\"https:\/\/www.ghosteyes.fi\/aaveet\/wp-content\/uploads\/2026\/03\/IMG_5716-e1774198873843.jpeg\"><img loading=\"lazy\" decoding=\"async\" width=\"1024\" height=\"683\" data-id=\"2390\" src=\"https:\/\/www.ghosteyes.fi\/aaveet\/wp-content\/uploads\/2026\/03\/IMG_5716-1024x683.jpeg\" alt=\"\" class=\"wp-image-2390\"\/><\/a><figcaption class=\"wp-element-caption\">Meten em\u00e4<\/figcaption><\/figure>\n\n\n\n<figure class=\"wp-block-image size-large\"><a href=\"https:\/\/www.ghosteyes.fi\/aaveet\/wp-content\/uploads\/2026\/03\/IMG_5713-e1774198856507.jpeg\"><img loading=\"lazy\" decoding=\"async\" width=\"1024\" height=\"868\" data-id=\"2391\" src=\"https:\/\/www.ghosteyes.fi\/aaveet\/wp-content\/uploads\/2026\/03\/IMG_5713-1024x868.jpeg\" alt=\"\" class=\"wp-image-2391\"\/><\/a><figcaption class=\"wp-element-caption\">Multi Champion<\/figcaption><\/figure>\n<\/figure>\n\n\n\n<figure class=\"wp-block-gallery has-nested-images columns-default is-cropped wp-block-gallery-4 is-layout-flex wp-block-gallery-is-layout-flex\">\n<figure class=\"wp-block-image size-large\"><a href=\"https:\/\/www.ghosteyes.fi\/aaveet\/wp-content\/uploads\/2026\/03\/IMG_5652-e1774199101139.png\"><img loading=\"lazy\" decoding=\"async\" width=\"1024\" height=\"683\" data-id=\"2392\" src=\"https:\/\/www.ghosteyes.fi\/aaveet\/wp-content\/uploads\/2026\/03\/IMG_5652-1024x683.png\" alt=\"\" class=\"wp-image-2392\"\/><\/a><figcaption class=\"wp-element-caption\">Moonbaby\u2019s If You Want More Tolugo<\/figcaption><\/figure>\n\n\n\n<figure class=\"wp-block-image size-large\"><a href=\"https:\/\/www.ghosteyes.fi\/aaveet\/wp-content\/uploads\/2026\/03\/IMG_5653-e1774199307298.png\"><img loading=\"lazy\" decoding=\"async\" width=\"1024\" height=\"683\" data-id=\"2393\" src=\"https:\/\/www.ghosteyes.fi\/aaveet\/wp-content\/uploads\/2026\/03\/IMG_5653-1024x683.png\" alt=\"\" class=\"wp-image-2393\"\/><\/a><figcaption class=\"wp-element-caption\">Meten is\u00e4<\/figcaption><\/figure>\n\n\n\n<figure class=\"wp-block-image size-large\"><a href=\"https:\/\/www.ghosteyes.fi\/aaveet\/wp-content\/uploads\/2026\/03\/IMG_5654-e1774199020957.png\"><img loading=\"lazy\" decoding=\"async\" width=\"1024\" height=\"672\" data-id=\"2388\" src=\"https:\/\/www.ghosteyes.fi\/aaveet\/wp-content\/uploads\/2026\/03\/IMG_5654-1024x672.png\" alt=\"\" class=\"wp-image-2388\"\/><\/a><figcaption class=\"wp-element-caption\">Multi Champion<\/figcaption><\/figure>\n<\/figure>\n\n\n\n<p><\/p>\n","protected":false},"excerpt":{"rendered":"<p>Dreamette Hipnoza \u2764\ufe0f Purple Rain of Surf Paradise Toiveissa pieniamerikanpaimenkoiran pentuja! Mette on astutettu 20.-23.3.2026 ja ultra varataan noin nelj\u00e4n viikon p\u00e4\u00e4h\u00e4n t\u00e4st\u00e4. \u00a0Kuvia ja uutisia p\u00e4ivitet\u00e4\u00e4n meid\u00e4n facebookiin ja instagramiin @kennelghosteyes \u2764\ufe0f Sukutaulu Tiedustelut s\u00e4hk\u00f6postilla kennelghosteyes@gmail.com\u00a0 Kaikkien pentujeni hinnat sis\u00e4lt\u00e4v\u00e4t alv 25,5%. Y-tunnus 2847561-4 WillaHillan El\u00e4inpalvelut. Em\u00e4: Dreamette Hipnoza &#8221;Mette&#8221; Terveys: silm\u00e4t OK\/2025, kyyn\u00e4reet&#8230;<\/p>\n","protected":false},"author":1,"featured_media":0,"parent":0,"menu_order":0,"comment_status":"closed","ping_status":"closed","template":"","meta":{"sfsi_plus_gutenberg_text_before_share":"","sfsi_plus_gutenberg_show_text_before_share":"","sfsi_plus_gutenberg_icon_type":"","sfsi_plus_gutenberg_icon_alignemt":"","sfsi_plus_gutenburg_max_per_row":"","footnotes":""},"class_list":["post-2307","page","type-page","status-publish","hentry"],"aioseo_notices":[],"_links":{"self":[{"href":"https:\/\/www.ghosteyes.fi\/aaveet\/wp-json\/wp\/v2\/pages\/2307","targetHints":{"allow":["GET"]}}],"collection":[{"href":"https:\/\/www.ghosteyes.fi\/aaveet\/wp-json\/wp\/v2\/pages"}],"about":[{"href":"https:\/\/www.ghosteyes.fi\/aaveet\/wp-json\/wp\/v2\/types\/page"}],"author":[{"embeddable":true,"href":"https:\/\/www.ghosteyes.fi\/aaveet\/wp-json\/wp\/v2\/users\/1"}],"replies":[{"embeddable":true,"href":"https:\/\/www.ghosteyes.fi\/aaveet\/wp-json\/wp\/v2\/comments?post=2307"}],"version-history":[{"count":15,"href":"https:\/\/www.ghosteyes.fi\/aaveet\/wp-json\/wp\/v2\/pages\/2307\/revisions"}],"predecessor-version":[{"id":2439,"href":"https:\/\/www.ghosteyes.fi\/aaveet\/wp-json\/wp\/v2\/pages\/2307\/revisions\/2439"}],"wp:attachment":[{"href":"https:\/\/www.ghosteyes.fi\/aaveet\/wp-json\/wp\/v2\/media?parent=2307"}],"curies":[{"name":"wp","href":"https:\/\/api.w.org\/{rel}","templated":true}]}}