{"id":1944,"date":"2024-06-16T18:13:58","date_gmt":"2024-06-16T18:13:58","guid":{"rendered":"https:\/\/www.ghosteyes.fi\/aaveet\/?page_id=1944"},"modified":"2025-10-08T19:10:18","modified_gmt":"2025-10-08T19:10:18","slug":"o","status":"publish","type":"page","link":"https:\/\/www.ghosteyes.fi\/aaveet\/o\/","title":{"rendered":"O"},"content":{"rendered":"<p style=\"text-align: center;\"><strong>Ounou N\u00e4pp\u00e4r\u00e4 Nato-Ohjus <\/strong>x<strong> Ghosteye&#8217;s Lovely Macchiato<\/strong><\/p>\n<p style=\"text-align: center;\"><a href=\"https:\/\/jalostus.kennelliitto.fi\/frmSukutaulu.aspx?RekNoI=ER42178%2F14&amp;RekNoE=FI59574%2F21&amp;Sukupolvet=5\">sukutaulu<\/a><\/p>\n<p style=\"text-align: center;\">s. 19.8.2025<\/p>\n<hr \/>\n<p style=\"text-align: center;\">Ghosteye\u2019s One Dream Away \u201cPihka\u201d<\/p>\n<p style=\"text-align: center;\"><a href=\"https:\/\/www.ghosteyes.fi\/aaveet\/wp-content\/uploads\/2025\/10\/IMG_0945-scaled-e1759950089460.jpeg\"><img loading=\"lazy\" decoding=\"async\" class=\"alignnone size-medium wp-image-2217\" src=\"https:\/\/www.ghosteyes.fi\/aaveet\/wp-content\/uploads\/2025\/10\/IMG_0945-222x300.jpeg\" alt=\"\" width=\"222\" height=\"300\" \/><\/a><\/p>\n<hr \/>\n<p style=\"text-align: center;\">Ghosteye\u2019s One Wish Away \u201cVichy\u201d<\/p>\n<p style=\"text-align: center;\"><a href=\"https:\/\/www.ghosteyes.fi\/aaveet\/wp-content\/uploads\/2025\/10\/IMG_0986-scaled-e1759950154832.jpeg\"><img loading=\"lazy\" decoding=\"async\" class=\"alignnone size-medium wp-image-2216\" src=\"https:\/\/www.ghosteyes.fi\/aaveet\/wp-content\/uploads\/2025\/10\/IMG_0986-227x300.jpeg\" alt=\"\" width=\"227\" height=\"300\" \/><\/a><\/p>\n<hr \/>\n<p style=\"text-align: center;\">Ghosteye\u2019s One Whisper Away \u201cJasper\u201d<\/p>\n<p style=\"text-align: center;\"><a href=\"https:\/\/www.ghosteyes.fi\/aaveet\/wp-content\/uploads\/2025\/10\/IMG_0929-scaled-e1759950194562.jpeg\"><img loading=\"lazy\" decoding=\"async\" class=\"alignnone size-medium wp-image-2218\" src=\"https:\/\/www.ghosteyes.fi\/aaveet\/wp-content\/uploads\/2025\/10\/IMG_0929-256x300.jpeg\" alt=\"\" width=\"256\" height=\"300\" \/><\/a><\/p>\n<hr \/>\n","protected":false},"excerpt":{"rendered":"<p>Ounou N\u00e4pp\u00e4r\u00e4 Nato-Ohjus x Ghosteye&#8217;s Lovely Macchiato sukutaulu s. 19.8.2025 Ghosteye\u2019s One Dream Away \u201cPihka\u201d Ghosteye\u2019s One Wish Away \u201cVichy\u201d Ghosteye\u2019s One Whisper Away \u201cJasper\u201d<\/p>\n","protected":false},"author":1,"featured_media":0,"parent":0,"menu_order":0,"comment_status":"closed","ping_status":"closed","template":"","meta":{"sfsi_plus_gutenberg_text_before_share":"","sfsi_plus_gutenberg_show_text_before_share":"","sfsi_plus_gutenberg_icon_type":"","sfsi_plus_gutenberg_icon_alignemt":"","sfsi_plus_gutenburg_max_per_row":"","footnotes":""},"class_list":["post-1944","page","type-page","status-publish","hentry"],"aioseo_notices":[],"_links":{"self":[{"href":"https:\/\/www.ghosteyes.fi\/aaveet\/wp-json\/wp\/v2\/pages\/1944","targetHints":{"allow":["GET"]}}],"collection":[{"href":"https:\/\/www.ghosteyes.fi\/aaveet\/wp-json\/wp\/v2\/pages"}],"about":[{"href":"https:\/\/www.ghosteyes.fi\/aaveet\/wp-json\/wp\/v2\/types\/page"}],"author":[{"embeddable":true,"href":"https:\/\/www.ghosteyes.fi\/aaveet\/wp-json\/wp\/v2\/users\/1"}],"replies":[{"embeddable":true,"href":"https:\/\/www.ghosteyes.fi\/aaveet\/wp-json\/wp\/v2\/comments?post=1944"}],"version-history":[{"count":5,"href":"https:\/\/www.ghosteyes.fi\/aaveet\/wp-json\/wp\/v2\/pages\/1944\/revisions"}],"predecessor-version":[{"id":2219,"href":"https:\/\/www.ghosteyes.fi\/aaveet\/wp-json\/wp\/v2\/pages\/1944\/revisions\/2219"}],"wp:attachment":[{"href":"https:\/\/www.ghosteyes.fi\/aaveet\/wp-json\/wp\/v2\/media?parent=1944"}],"curies":[{"name":"wp","href":"https:\/\/api.w.org\/{rel}","templated":true}]}}