{"id":1915,"date":"2024-02-14T10:58:17","date_gmt":"2024-02-14T10:58:17","guid":{"rendered":"https:\/\/www.ghosteyes.fi\/aaveet\/?page_id=1915"},"modified":"2026-04-15T15:35:21","modified_gmt":"2026-04-15T15:35:21","slug":"mette","status":"publish","type":"page","link":"https:\/\/www.ghosteyes.fi\/aaveet\/mette\/","title":{"rendered":"Mette"},"content":{"rendered":"\n<p><\/p>\n\n\n<p style=\"text-align: center;\">Pieniamerikanpaimenkoira narttu<\/p>\n<p style=\"text-align: center;\"><strong>Dreamette Hipnoza \u201dMette\u201d<\/strong><\/p>\n<p style=\"text-align: center;\"><a href=\"https:\/\/www.ghosteyes.fi\/aaveet\/wp-content\/uploads\/2026\/04\/IMG_6408_SnapseedCopy-scaled-e1776267155881.jpeg\"><img loading=\"lazy\" decoding=\"async\" class=\"aligncenter size-full wp-image-2437\" src=\"https:\/\/www.ghosteyes.fi\/aaveet\/wp-content\/uploads\/2026\/04\/IMG_6408_SnapseedCopy-scaled-e1776267155881.jpeg\" alt=\"\" width=\"680\" height=\"526\" srcset=\"https:\/\/www.ghosteyes.fi\/aaveet\/wp-content\/uploads\/2026\/04\/IMG_6408_SnapseedCopy-scaled-e1776267155881.jpeg 680w, https:\/\/www.ghosteyes.fi\/aaveet\/wp-content\/uploads\/2026\/04\/IMG_6408_SnapseedCopy-scaled-e1776267155881-300x232.jpeg 300w\" sizes=\"auto, (max-width: 680px) 100vw, 680px\" \/><\/a><\/p>\n<p style=\"text-align: center;\">s. 16.12.2023 Puola<\/p>\n<p>S\u00e4k\u00e4korkeus n. 45cm (kotimittaus)<\/p>\n<p><em>Terveys:<\/em><\/p>\n<p>Lonkat B\/B, kyyn\u00e4ret 0\/0, polvet 0\/0, olkanivelet puhtaat, selk\u00e4 VA0, LTV0<\/p>\n<p>Silm\u00e4t terveet<\/p>\n<p><a href=\"https:\/\/www.wisdompanel.com\/app\/s\/dr4w6cq\/\">MyDogDNA<\/a> testi puhdas<\/p>\n<p><a href=\"https:\/\/jalostus.kennelliitto.fi\/frmKoira.aspx?RekNo=FI26654\/24&amp;R=\"><em>Sukutaulu<\/em><\/a><\/p>\n<p>Em\u00e4: <strong>Stefania Des Costys Du Tomberg<\/strong><\/p>\n<p>MDR1 n\/n, DM n\/n, Huu n\/n, PRA kantaja, HSF4 n\/n, CEA n\/n, CDDY n\/n, IVDD n\/n, NAD n\/n<\/p>\n<p>Is\u00e4: <strong>Moonbaby\u2019s If You Want More Tolugo<\/strong><\/p>\n<p>MDR1 n\/n, DM n\/n, Huu n\/n, PRA n\/n, HSF4 n\/n, CEA n\/n, CDDY n\/n, IVDD n\/n, NAD kantaja<\/p>\n<hr \/>\n\n\n<figure class=\"wp-block-gallery has-nested-images columns-default is-cropped wp-block-gallery-1 is-layout-flex wp-block-gallery-is-layout-flex\">\n<figure class=\"wp-block-image size-large\"><a href=\"https:\/\/www.ghosteyes.fi\/aaveet\/wp-content\/uploads\/2025\/10\/7dfe71f1-9645-49d6-b3c8-9d700edaf47e.jpeg\"><img loading=\"lazy\" decoding=\"async\" width=\"665\" height=\"1024\" data-id=\"2262\" src=\"https:\/\/www.ghosteyes.fi\/aaveet\/wp-content\/uploads\/2025\/10\/7dfe71f1-9645-49d6-b3c8-9d700edaf47e-665x1024.jpeg\" alt=\"\" class=\"wp-image-2262\"\/><\/a><\/figure>\n\n\n\n<figure class=\"wp-block-image size-large\"><a href=\"https:\/\/www.ghosteyes.fi\/aaveet\/wp-content\/uploads\/2024\/04\/IMG_7322-scaled-e1713724874474.jpeg\"><img loading=\"lazy\" decoding=\"async\" width=\"737\" height=\"1024\" data-id=\"1992\" src=\"https:\/\/www.ghosteyes.fi\/aaveet\/wp-content\/uploads\/2024\/04\/IMG_7322-scaled-e1713724859462-737x1024.jpeg\" alt=\"\" class=\"wp-image-1992\"\/><\/a><\/figure>\n<\/figure>\n\n\n\n<figure class=\"wp-block-gallery has-nested-images columns-default is-cropped wp-block-gallery-2 is-layout-flex wp-block-gallery-is-layout-flex\">\n<figure class=\"wp-block-image size-large\"><a href=\"https:\/\/www.ghosteyes.fi\/aaveet\/wp-content\/uploads\/2025\/10\/IMG_7304.jpeg\"><img loading=\"lazy\" decoding=\"async\" width=\"986\" height=\"1024\" data-id=\"2263\" src=\"https:\/\/www.ghosteyes.fi\/aaveet\/wp-content\/uploads\/2025\/10\/IMG_7304-986x1024.jpeg\" alt=\"\" class=\"wp-image-2263\" srcset=\"https:\/\/www.ghosteyes.fi\/aaveet\/wp-content\/uploads\/2025\/10\/IMG_7304-986x1024.jpeg 986w, https:\/\/www.ghosteyes.fi\/aaveet\/wp-content\/uploads\/2025\/10\/IMG_7304-289x300.jpeg 289w, https:\/\/www.ghosteyes.fi\/aaveet\/wp-content\/uploads\/2025\/10\/IMG_7304-768x798.jpeg 768w, https:\/\/www.ghosteyes.fi\/aaveet\/wp-content\/uploads\/2025\/10\/IMG_7304.jpeg 1179w\" sizes=\"auto, (max-width: 986px) 100vw, 986px\" \/><\/a><\/figure>\n\n\n\n<figure class=\"wp-block-image size-large\"><a href=\"https:\/\/www.ghosteyes.fi\/aaveet\/wp-content\/uploads\/2024\/04\/IMG_7346-scaled-e1713724991537.jpeg\"><img loading=\"lazy\" decoding=\"async\" width=\"1024\" height=\"803\" data-id=\"2007\" src=\"https:\/\/www.ghosteyes.fi\/aaveet\/wp-content\/uploads\/2024\/04\/IMG_7346-scaled-e1713724978556-1024x803.jpeg\" alt=\"\" class=\"wp-image-2007\"\/><\/a><\/figure>\n<\/figure>\n\n\n\n<figure class=\"wp-block-image size-large\"><a href=\"https:\/\/www.ghosteyes.fi\/aaveet\/wp-content\/uploads\/2026\/01\/IMG_3081-1-scaled.jpeg\"><img loading=\"lazy\" decoding=\"async\" width=\"1024\" height=\"828\" src=\"https:\/\/www.ghosteyes.fi\/aaveet\/wp-content\/uploads\/2026\/01\/IMG_3081-1-1024x828.jpeg\" alt=\"\" class=\"wp-image-2312\" srcset=\"https:\/\/www.ghosteyes.fi\/aaveet\/wp-content\/uploads\/2026\/01\/IMG_3081-1-1024x828.jpeg 1024w, https:\/\/www.ghosteyes.fi\/aaveet\/wp-content\/uploads\/2026\/01\/IMG_3081-1-300x243.jpeg 300w, https:\/\/www.ghosteyes.fi\/aaveet\/wp-content\/uploads\/2026\/01\/IMG_3081-1-768x621.jpeg 768w, https:\/\/www.ghosteyes.fi\/aaveet\/wp-content\/uploads\/2026\/01\/IMG_3081-1-1536x1243.jpeg 1536w, https:\/\/www.ghosteyes.fi\/aaveet\/wp-content\/uploads\/2026\/01\/IMG_3081-1-2048x1657.jpeg 2048w\" sizes=\"auto, (max-width: 1024px) 100vw, 1024px\" \/><\/a><\/figure>\n\n\n\n<hr class=\"wp-block-separator has-alpha-channel-opacity\"\/>\n\n\n\n<blockquote class=\"wp-block-quote is-layout-flow wp-block-quote-is-layout-flow\">\n<p>Meten vanhemmat. Em\u00e4 Stefania on Puolan muotovalio ja is\u00e4 Mango on Puolan, Tsekin ja Bosnia&amp;Herzegovinan muotovalio. Molemmilla on typistetyt h\u00e4nn\u00e4t. <\/p>\n<\/blockquote>\n\n\n\n<figure class=\"wp-block-gallery has-nested-images columns-default is-cropped wp-block-gallery-3 is-layout-flex wp-block-gallery-is-layout-flex\">\n<figure class=\"wp-block-image size-large\"><a href=\"https:\/\/www.ghosteyes.fi\/aaveet\/wp-content\/uploads\/2026\/03\/IMG_5713-e1774198856507.jpeg\"><img loading=\"lazy\" decoding=\"async\" width=\"1024\" height=\"868\" data-id=\"2391\" src=\"https:\/\/www.ghosteyes.fi\/aaveet\/wp-content\/uploads\/2026\/03\/IMG_5713-1024x868.jpeg\" alt=\"\" class=\"wp-image-2391\"\/><\/a><\/figure>\n\n\n\n<figure class=\"wp-block-image size-large\"><a href=\"https:\/\/www.ghosteyes.fi\/aaveet\/wp-content\/uploads\/2026\/03\/IMG_5716-e1774198873843.jpeg\"><img loading=\"lazy\" decoding=\"async\" width=\"1024\" height=\"683\" data-id=\"2390\" src=\"https:\/\/www.ghosteyes.fi\/aaveet\/wp-content\/uploads\/2026\/03\/IMG_5716-1024x683.jpeg\" alt=\"\" class=\"wp-image-2390\"\/><\/a><figcaption class=\"wp-element-caption\">Stefania Des Costys Du Tomberg<\/figcaption><\/figure>\n\n\n\n<figure class=\"wp-block-image size-large\"><a href=\"https:\/\/www.ghosteyes.fi\/aaveet\/wp-content\/uploads\/2026\/03\/IMG_5715-e1774198894521.jpeg\"><img loading=\"lazy\" decoding=\"async\" width=\"800\" height=\"713\" data-id=\"2389\" src=\"https:\/\/www.ghosteyes.fi\/aaveet\/wp-content\/uploads\/2026\/03\/IMG_5715-e1774198894521.jpeg\" alt=\"\" class=\"wp-image-2389\"\/><\/a><figcaption class=\"wp-element-caption\"> <\/figcaption><\/figure>\n<\/figure>\n\n\n\n<figure class=\"wp-block-gallery has-nested-images columns-default is-cropped wp-block-gallery-4 is-layout-flex wp-block-gallery-is-layout-flex\">\n<figure class=\"wp-block-image size-large\"><a href=\"https:\/\/www.ghosteyes.fi\/aaveet\/wp-content\/uploads\/2026\/03\/IMG_5654-e1774199020957.png\"><img loading=\"lazy\" decoding=\"async\" width=\"1024\" height=\"672\" data-id=\"2388\" src=\"https:\/\/www.ghosteyes.fi\/aaveet\/wp-content\/uploads\/2026\/03\/IMG_5654-1024x672.png\" alt=\"\" class=\"wp-image-2388\"\/><\/a><\/figure>\n\n\n\n<figure class=\"wp-block-image size-large\"><a href=\"https:\/\/www.ghosteyes.fi\/aaveet\/wp-content\/uploads\/2026\/03\/IMG_5653-e1774199307298.png\"><img loading=\"lazy\" decoding=\"async\" width=\"1024\" height=\"683\" data-id=\"2393\" src=\"https:\/\/www.ghosteyes.fi\/aaveet\/wp-content\/uploads\/2026\/03\/IMG_5653-1024x683.png\" alt=\"\" class=\"wp-image-2393\"\/><\/a><figcaption class=\"wp-element-caption\">Moonbaby\u2019s If You Want More Tolugo<\/figcaption><\/figure>\n\n\n\n<figure class=\"wp-block-image size-large\"><a href=\"https:\/\/www.ghosteyes.fi\/aaveet\/wp-content\/uploads\/2026\/03\/IMG_5652-e1774199101139.png\"><img loading=\"lazy\" decoding=\"async\" width=\"1024\" height=\"683\" data-id=\"2392\" src=\"https:\/\/www.ghosteyes.fi\/aaveet\/wp-content\/uploads\/2026\/03\/IMG_5652-1024x683.png\" alt=\"\" class=\"wp-image-2392\"\/><\/a><\/figure>\n<\/figure>\n\n\n\n<blockquote class=\"wp-block-quote is-layout-flow wp-block-quote-is-layout-flow\">\n<p><\/p>\n<\/blockquote>\n","protected":false},"excerpt":{"rendered":"<p>Pieniamerikanpaimenkoira narttu Dreamette Hipnoza \u201dMette\u201d s. 16.12.2023 Puola S\u00e4k\u00e4korkeus n. 45cm (kotimittaus) Terveys: Lonkat B\/B, kyyn\u00e4ret 0\/0, polvet 0\/0, olkanivelet puhtaat, selk\u00e4 VA0, LTV0 Silm\u00e4t terveet MyDogDNA testi puhdas Sukutaulu Em\u00e4: Stefania Des Costys Du Tomberg MDR1 n\/n, DM n\/n, Huu n\/n, PRA kantaja, HSF4 n\/n, CEA n\/n, CDDY n\/n, IVDD n\/n, NAD n\/n Is\u00e4:&#8230;<\/p>\n","protected":false},"author":1,"featured_media":0,"parent":0,"menu_order":0,"comment_status":"closed","ping_status":"closed","template":"","meta":{"sfsi_plus_gutenberg_text_before_share":"","sfsi_plus_gutenberg_show_text_before_share":"","sfsi_plus_gutenberg_icon_type":"","sfsi_plus_gutenberg_icon_alignemt":"","sfsi_plus_gutenburg_max_per_row":"","footnotes":""},"class_list":["post-1915","page","type-page","status-publish","hentry"],"aioseo_notices":[],"_links":{"self":[{"href":"https:\/\/www.ghosteyes.fi\/aaveet\/wp-json\/wp\/v2\/pages\/1915","targetHints":{"allow":["GET"]}}],"collection":[{"href":"https:\/\/www.ghosteyes.fi\/aaveet\/wp-json\/wp\/v2\/pages"}],"about":[{"href":"https:\/\/www.ghosteyes.fi\/aaveet\/wp-json\/wp\/v2\/types\/page"}],"author":[{"embeddable":true,"href":"https:\/\/www.ghosteyes.fi\/aaveet\/wp-json\/wp\/v2\/users\/1"}],"replies":[{"embeddable":true,"href":"https:\/\/www.ghosteyes.fi\/aaveet\/wp-json\/wp\/v2\/comments?post=1915"}],"version-history":[{"count":13,"href":"https:\/\/www.ghosteyes.fi\/aaveet\/wp-json\/wp\/v2\/pages\/1915\/revisions"}],"predecessor-version":[{"id":2441,"href":"https:\/\/www.ghosteyes.fi\/aaveet\/wp-json\/wp\/v2\/pages\/1915\/revisions\/2441"}],"wp:attachment":[{"href":"https:\/\/www.ghosteyes.fi\/aaveet\/wp-json\/wp\/v2\/media?parent=1915"}],"curies":[{"name":"wp","href":"https:\/\/api.w.org\/{rel}","templated":true}]}}