{"id":19,"date":"2018-01-22T18:59:36","date_gmt":"2018-01-22T18:59:36","guid":{"rendered":"http:\/\/www.ghosteyes.fi\/aaveet\/?page_id=19"},"modified":"2026-03-15T12:58:35","modified_gmt":"2026-03-15T12:58:35","slug":"pentuja","status":"publish","type":"page","link":"https:\/\/www.ghosteyes.fi\/aaveet\/pentuja\/","title":{"rendered":"Pentuja!"},"content":{"rendered":"<p style=\"text-align: left;\">Pentuesuunnitelmat p\u00e4ivitet\u00e4\u00e4n t\u00e4nne. Ota yhteytt\u00e4 s\u00e4hk\u00f6postitse mik\u00e4li olet kiinnostunut pennusta! <em>Kerrothan hieman itsest\u00e4si ja millaiseen kotiin pentu olisi tulossa, koirakokemuksestasi ja tavoitteistasi pennun suhteen, sek\u00e4 tutustuthan rotuun etuk\u00e4teen esimerkiksi rotuj\u00e4rjest\u00f6n sivuilta.<\/em><\/p>\n<hr \/>\n<p style=\"text-align: center;\"><strong>Australianpaimenkoirat<\/strong><\/p>\n<p style=\"text-align: center;\"><a href=\"https:\/\/www.ghosteyes.fi\/aaveet\/aussiepentuja\/\">Kajo &amp; Taavi 2026<\/a><\/p>\n<p style=\"text-align: center;\"><strong><a href=\"https:\/\/www.ghosteyes.fi\/aaveet\/wp-content\/uploads\/2024\/06\/IMG_9925-scaled-e1719056063870.jpeg\"><img loading=\"lazy\" decoding=\"async\" class=\"alignnone size-medium wp-image-2091\" src=\"https:\/\/www.ghosteyes.fi\/aaveet\/wp-content\/uploads\/2024\/06\/IMG_9925-240x300.jpeg\" alt=\"\" width=\"240\" height=\"300\" \/><\/a><\/strong><\/p>\n<hr \/>\n<p style=\"text-align: center;\"><strong>Pieniamerikanpaimenkoirat<\/strong><\/p>\n<p style=\"text-align: center;\"><a href=\"https:\/\/www.ghosteyes.fi\/aaveet\/pampai-pentuja\/\">Mette &amp; Prince 2026<\/a><\/p>\n<p style=\"text-align: center;\"><a href=\"https:\/\/www.ghosteyes.fi\/aaveet\/wp-content\/uploads\/2024\/03\/269EFA77-4A66-48B7-A89E-2E20EFCCFF91-e1759951324406.jpeg\"><img loading=\"lazy\" decoding=\"async\" class=\"alignnone size-medium wp-image-1926\" src=\"https:\/\/www.ghosteyes.fi\/aaveet\/wp-content\/uploads\/2024\/03\/269EFA77-4A66-48B7-A89E-2E20EFCCFF91-e1759951324406-194x300.jpeg\" alt=\"\" width=\"194\" height=\"300\" srcset=\"https:\/\/www.ghosteyes.fi\/aaveet\/wp-content\/uploads\/2024\/03\/269EFA77-4A66-48B7-A89E-2E20EFCCFF91-e1759951324406-194x300.jpeg 194w, https:\/\/www.ghosteyes.fi\/aaveet\/wp-content\/uploads\/2024\/03\/269EFA77-4A66-48B7-A89E-2E20EFCCFF91-e1759951324406.jpeg 500w\" sizes=\"auto, (max-width: 194px) 100vw, 194px\" \/><\/a><\/p>\n<hr \/>\n\n\n<p><\/p>\n","protected":false},"excerpt":{"rendered":"<p>Pentuesuunnitelmat p\u00e4ivitet\u00e4\u00e4n t\u00e4nne. Ota yhteytt\u00e4 s\u00e4hk\u00f6postitse mik\u00e4li olet kiinnostunut pennusta! Kerrothan hieman itsest\u00e4si ja millaiseen kotiin pentu olisi tulossa, koirakokemuksestasi ja tavoitteistasi pennun suhteen, sek\u00e4 tutustuthan rotuun etuk\u00e4teen esimerkiksi rotuj\u00e4rjest\u00f6n sivuilta. Australianpaimenkoirat Kajo &amp; Taavi 2026 Pieniamerikanpaimenkoirat Mette &amp; Prince 2026<\/p>\n","protected":false},"author":1,"featured_media":0,"parent":0,"menu_order":0,"comment_status":"closed","ping_status":"closed","template":"","meta":{"sfsi_plus_gutenberg_text_before_share":"","sfsi_plus_gutenberg_show_text_before_share":"","sfsi_plus_gutenberg_icon_type":"","sfsi_plus_gutenberg_icon_alignemt":"","sfsi_plus_gutenburg_max_per_row":"","footnotes":""},"class_list":["post-19","page","type-page","status-publish","hentry"],"aioseo_notices":[],"_links":{"self":[{"href":"https:\/\/www.ghosteyes.fi\/aaveet\/wp-json\/wp\/v2\/pages\/19","targetHints":{"allow":["GET"]}}],"collection":[{"href":"https:\/\/www.ghosteyes.fi\/aaveet\/wp-json\/wp\/v2\/pages"}],"about":[{"href":"https:\/\/www.ghosteyes.fi\/aaveet\/wp-json\/wp\/v2\/types\/page"}],"author":[{"embeddable":true,"href":"https:\/\/www.ghosteyes.fi\/aaveet\/wp-json\/wp\/v2\/users\/1"}],"replies":[{"embeddable":true,"href":"https:\/\/www.ghosteyes.fi\/aaveet\/wp-json\/wp\/v2\/comments?post=19"}],"version-history":[{"count":76,"href":"https:\/\/www.ghosteyes.fi\/aaveet\/wp-json\/wp\/v2\/pages\/19\/revisions"}],"predecessor-version":[{"id":2373,"href":"https:\/\/www.ghosteyes.fi\/aaveet\/wp-json\/wp\/v2\/pages\/19\/revisions\/2373"}],"wp:attachment":[{"href":"https:\/\/www.ghosteyes.fi\/aaveet\/wp-json\/wp\/v2\/media?parent=19"}],"curies":[{"name":"wp","href":"https:\/\/api.w.org\/{rel}","templated":true}]}}