{"id":1880,"date":"2023-12-09T15:22:36","date_gmt":"2023-12-09T15:22:36","guid":{"rendered":"https:\/\/www.ghosteyes.fi\/aaveet\/?page_id=1880"},"modified":"2026-03-05T17:06:43","modified_gmt":"2026-03-05T17:06:43","slug":"havu","status":"publish","type":"page","link":"https:\/\/www.ghosteyes.fi\/aaveet\/havu\/","title":{"rendered":"Havu"},"content":{"rendered":"<p style=\"text-align: center;\">Pieniamerikanpaimenkoira uros<\/p>\n<p style=\"text-align: center;\"><strong>Spinnrockens Perfekte Lille Nord \u201cHavu\u201d<\/strong><\/p>\n<p style=\"text-align: center;\"><a href=\"https:\/\/www.ghosteyes.fi\/aaveet\/wp-content\/uploads\/2025\/10\/IMG_1121-e1761222189424.jpeg\"><img loading=\"lazy\" decoding=\"async\" class=\"alignnone wp-image-2243\" src=\"https:\/\/www.ghosteyes.fi\/aaveet\/wp-content\/uploads\/2025\/10\/IMG_1121-e1761222189424.jpeg\" alt=\"\" width=\"375\" height=\"500\" \/><\/a><\/p>\n<p style=\"text-align: center;\">s. 06.10.2023 Ruotsi<br \/><em>Omistaja: Jenna H\u00e4rm\u00e4<\/em><\/p>\n<p>S\u00e4k\u00e4korkeus n. 44cm (kotimittaus)<\/p>\n<p><em>Terveys:<\/em><\/p>\n<p>Lonkat A\/A, kyyn\u00e4ret 0\/0, polvet 0\/0, selk\u00e4 SP0, VA0, LTV1<\/p>\n<p>Distichiasis\/ektooppinen cilia (yksi ylim\u00e4\u00e4r\u00e4inen silm\u00e4ripsi)<\/p>\n<p><a href=\"https:\/\/www.wisdompanel.com\/app\/s\/vslx978\/\">MyDogDNA<\/a> testi: kantajuudet PRA, CEA, CDDY, muuten puhdas paneeli<\/p>\n<p><a href=\"https:\/\/jalostus.kennelliitto.fi\/frmKoira.aspx?RekNo=FI11767%2F24&amp;R=367\"><em>Sukutaulu<\/em><\/a><\/p>\n<p style=\"text-align: left;\">Em\u00e4: <strong>F\u00e5r\u00f6 Shepherd Detlillaextra<\/strong><\/p>\n<p>NAD n\/n, CEA n\/n, PRA n\/n, HSF4 n\/n, MDR1 n\/n<\/p>\n<p>Is\u00e4: <strong>Perfect Trumph Card of American Madness<\/strong><\/p>\n<p>NAD n\/n, CEA n\/n, MDR1 n\/n, DM n\/n, CD n\/n, HU n\/n, CMR1 n\/n, NCL n\/n, PRA kantaja<\/p>\n<hr \/>\n<p style=\"text-align: center;\">\u00a0<\/p>\n\n\n<figure class=\"wp-block-gallery has-nested-images columns-default is-cropped wp-block-gallery-1 is-layout-flex wp-block-gallery-is-layout-flex\">\n<figure class=\"wp-block-image size-large\"><a href=\"https:\/\/www.ghosteyes.fi\/aaveet\/wp-content\/uploads\/2025\/10\/B68459D3-A09C-4516-8E80-56567F4B9E09-scaled-e1761222287782.jpeg\"><img loading=\"lazy\" decoding=\"async\" width=\"907\" height=\"1024\" data-id=\"2248\" src=\"https:\/\/www.ghosteyes.fi\/aaveet\/wp-content\/uploads\/2025\/10\/B68459D3-A09C-4516-8E80-56567F4B9E09-907x1024.jpeg\" alt=\"\" class=\"wp-image-2248\"\/><\/a><\/figure>\n\n\n\n<figure class=\"wp-block-image size-large\"><a href=\"https:\/\/www.ghosteyes.fi\/aaveet\/wp-content\/uploads\/2025\/10\/IMG_1147-scaled-e1761222304429.jpeg\"><img loading=\"lazy\" decoding=\"async\" width=\"803\" height=\"1024\" data-id=\"2244\" src=\"https:\/\/www.ghosteyes.fi\/aaveet\/wp-content\/uploads\/2025\/10\/IMG_1147-803x1024.jpeg\" alt=\"\" class=\"wp-image-2244\"\/><\/a><\/figure>\n\n\n\n<figure class=\"wp-block-image size-large\"><a href=\"https:\/\/www.ghosteyes.fi\/aaveet\/wp-content\/uploads\/2025\/10\/IMG_1404-scaled-e1761222319663.jpeg\"><img loading=\"lazy\" decoding=\"async\" width=\"1024\" height=\"1018\" data-id=\"2245\" src=\"https:\/\/www.ghosteyes.fi\/aaveet\/wp-content\/uploads\/2025\/10\/IMG_1404-1024x1018.jpeg\" alt=\"\" class=\"wp-image-2245\"\/><\/a><\/figure>\n<\/figure>\n\n\n\n<figure class=\"wp-block-gallery has-nested-images columns-default is-cropped wp-block-gallery-2 is-layout-flex wp-block-gallery-is-layout-flex\">\n<figure class=\"wp-block-image size-large\"><a href=\"https:\/\/www.ghosteyes.fi\/aaveet\/wp-content\/uploads\/2024\/03\/IMG_5703-e1710356518441.jpeg\"><img loading=\"lazy\" decoding=\"async\" width=\"1024\" height=\"574\" data-id=\"1928\" src=\"https:\/\/www.ghosteyes.fi\/aaveet\/wp-content\/uploads\/2024\/03\/IMG_5703-1024x574.jpeg\" alt=\"\" class=\"wp-image-1928\"\/><\/a><\/figure>\n\n\n\n<figure class=\"wp-block-image size-large\"><a href=\"https:\/\/www.ghosteyes.fi\/aaveet\/wp-content\/uploads\/2023\/12\/IMG_7747-scaled-e1702135250906.jpeg\"><img loading=\"lazy\" decoding=\"async\" width=\"2535\" height=\"2560\" data-id=\"2239\" src=\"https:\/\/www.ghosteyes.fi\/aaveet\/wp-content\/uploads\/2025\/10\/IMG_7747-edited-scaled.jpeg\" alt=\"\" class=\"wp-image-2239\" srcset=\"https:\/\/www.ghosteyes.fi\/aaveet\/wp-content\/uploads\/2025\/10\/IMG_7747-edited-scaled.jpeg 2535w, https:\/\/www.ghosteyes.fi\/aaveet\/wp-content\/uploads\/2025\/10\/IMG_7747-edited-297x300.jpeg 297w, https:\/\/www.ghosteyes.fi\/aaveet\/wp-content\/uploads\/2025\/10\/IMG_7747-edited-1014x1024.jpeg 1014w, https:\/\/www.ghosteyes.fi\/aaveet\/wp-content\/uploads\/2025\/10\/IMG_7747-edited-150x150.jpeg 150w, https:\/\/www.ghosteyes.fi\/aaveet\/wp-content\/uploads\/2025\/10\/IMG_7747-edited-768x776.jpeg 768w, https:\/\/www.ghosteyes.fi\/aaveet\/wp-content\/uploads\/2025\/10\/IMG_7747-edited-1521x1536.jpeg 1521w, https:\/\/www.ghosteyes.fi\/aaveet\/wp-content\/uploads\/2025\/10\/IMG_7747-edited-2028x2048.jpeg 2028w\" sizes=\"auto, (max-width: 2535px) 100vw, 2535px\" \/><\/a><\/figure>\n<\/figure>\n","protected":false},"excerpt":{"rendered":"<p>Pieniamerikanpaimenkoira uros Spinnrockens Perfekte Lille Nord \u201cHavu\u201d s. 06.10.2023 RuotsiOmistaja: Jenna H\u00e4rm\u00e4 S\u00e4k\u00e4korkeus n. 44cm (kotimittaus) Terveys: Lonkat A\/A, kyyn\u00e4ret 0\/0, polvet 0\/0, selk\u00e4 SP0, VA0, LTV1 Distichiasis\/ektooppinen cilia (yksi ylim\u00e4\u00e4r\u00e4inen silm\u00e4ripsi) MyDogDNA testi: kantajuudet PRA, CEA, CDDY, muuten puhdas paneeli Sukutaulu Em\u00e4: F\u00e5r\u00f6 Shepherd Detlillaextra NAD n\/n, CEA n\/n, PRA n\/n, HSF4 n\/n, MDR1&#8230;<\/p>\n","protected":false},"author":1,"featured_media":0,"parent":0,"menu_order":0,"comment_status":"closed","ping_status":"closed","template":"","meta":{"sfsi_plus_gutenberg_text_before_share":"","sfsi_plus_gutenberg_show_text_before_share":"","sfsi_plus_gutenberg_icon_type":"","sfsi_plus_gutenberg_icon_alignemt":"","sfsi_plus_gutenburg_max_per_row":"","footnotes":""},"class_list":["post-1880","page","type-page","status-publish","hentry"],"aioseo_notices":[],"_links":{"self":[{"href":"https:\/\/www.ghosteyes.fi\/aaveet\/wp-json\/wp\/v2\/pages\/1880","targetHints":{"allow":["GET"]}}],"collection":[{"href":"https:\/\/www.ghosteyes.fi\/aaveet\/wp-json\/wp\/v2\/pages"}],"about":[{"href":"https:\/\/www.ghosteyes.fi\/aaveet\/wp-json\/wp\/v2\/types\/page"}],"author":[{"embeddable":true,"href":"https:\/\/www.ghosteyes.fi\/aaveet\/wp-json\/wp\/v2\/users\/1"}],"replies":[{"embeddable":true,"href":"https:\/\/www.ghosteyes.fi\/aaveet\/wp-json\/wp\/v2\/comments?post=1880"}],"version-history":[{"count":14,"href":"https:\/\/www.ghosteyes.fi\/aaveet\/wp-json\/wp\/v2\/pages\/1880\/revisions"}],"predecessor-version":[{"id":2370,"href":"https:\/\/www.ghosteyes.fi\/aaveet\/wp-json\/wp\/v2\/pages\/1880\/revisions\/2370"}],"wp:attachment":[{"href":"https:\/\/www.ghosteyes.fi\/aaveet\/wp-json\/wp\/v2\/media?parent=1880"}],"curies":[{"name":"wp","href":"https:\/\/api.w.org\/{rel}","templated":true}]}}