{"id":182,"date":"2018-01-24T13:27:03","date_gmt":"2018-01-24T13:27:03","guid":{"rendered":"http:\/\/www.ghosteyes.fi\/aaveet\/?page_id=182"},"modified":"2019-11-11T08:01:56","modified_gmt":"2019-11-11T08:01:56","slug":"foxi","status":"publish","type":"page","link":"https:\/\/www.ghosteyes.fi\/aaveet\/foxi\/","title":{"rendered":"Foxi"},"content":{"rendered":"<p style=\"text-align: center;\">Australianpaimenkoira narttu<\/p>\n<p style=\"text-align: center;\"><strong>Bordetella&#8217;s Ghosteye Fox &#8221;Foxi&#8221;<\/strong><\/p>\n<p style=\"text-align: center;\"><a href=\"https:\/\/jalostus.kennelliitto.fi\/frmKoira.aspx?RekNo=ER23104\/14&amp;R=342\">sukutaulu<\/a><\/p>\n<p style=\"text-align: center;\">s. 19.03.2014<\/p>\n<p>Terveys<\/p>\n<ul>\n<li>selk\u00e4: VA0 (normaali), lukum\u00e4\u00e4r\u00e4: 0, LTV0 (normaali)<\/li>\n<li>silm\u00e4t: OK\/2015<\/li>\n<li>lonkat: C\/B<\/li>\n<li>polvet: 0\/0<\/li>\n<li>kyyn\u00e4reet: 0\/2<\/li>\n<\/ul>\n<p style=\"text-align: center;\"><a href=\"http:\/\/www.ghosteyes.fi\/aaveet\/wp-content\/uploads\/2019\/07\/IMG_7142.jpg\"><img loading=\"lazy\" decoding=\"async\" class=\"alignnone size-medium wp-image-832\" src=\"http:\/\/www.ghosteyes.fi\/aaveet\/wp-content\/uploads\/2019\/07\/IMG_7142-200x300.jpg\" alt=\"\" width=\"200\" height=\"300\" srcset=\"https:\/\/www.ghosteyes.fi\/aaveet\/wp-content\/uploads\/2019\/07\/IMG_7142-200x300.jpg 200w, https:\/\/www.ghosteyes.fi\/aaveet\/wp-content\/uploads\/2019\/07\/IMG_7142.jpg 512w\" sizes=\"auto, (max-width: 200px) 100vw, 200px\" \/><\/a><\/p>\n<hr \/>\n<p style=\"text-align: center;\">\u00a0<\/p>\n\n\n<ul class=\"wp-block-gallery columns-3 is-cropped wp-block-gallery-1 is-layout-flex wp-block-gallery-is-layout-flex\"><li class=\"blocks-gallery-item\"><figure><img loading=\"lazy\" decoding=\"async\" width=\"639\" height=\"768\" src=\"https:\/\/www.ghosteyes.fi\/aaveet\/wp-content\/uploads\/2019\/07\/IMG_7037.jpg\" alt=\"\" data-id=\"833\" data-link=\"https:\/\/www.ghosteyes.fi\/aaveet\/parsonit2\/attachment\/img_7037\/\" class=\"wp-image-833\" srcset=\"https:\/\/www.ghosteyes.fi\/aaveet\/wp-content\/uploads\/2019\/07\/IMG_7037.jpg 639w, https:\/\/www.ghosteyes.fi\/aaveet\/wp-content\/uploads\/2019\/07\/IMG_7037-250x300.jpg 250w\" sizes=\"auto, (max-width: 639px) 100vw, 639px\" \/><\/figure><\/li><li class=\"blocks-gallery-item\"><figure><img loading=\"lazy\" decoding=\"async\" width=\"1024\" height=\"683\" src=\"https:\/\/www.ghosteyes.fi\/aaveet\/wp-content\/uploads\/2019\/07\/IMG_6209-1024x683.jpg\" alt=\"\" data-id=\"838\" data-link=\"https:\/\/www.ghosteyes.fi\/aaveet\/parsonit2\/attachment\/img_6209\/\" class=\"wp-image-838\" srcset=\"https:\/\/www.ghosteyes.fi\/aaveet\/wp-content\/uploads\/2019\/07\/IMG_6209.jpg 1024w, https:\/\/www.ghosteyes.fi\/aaveet\/wp-content\/uploads\/2019\/07\/IMG_6209-300x200.jpg 300w, https:\/\/www.ghosteyes.fi\/aaveet\/wp-content\/uploads\/2019\/07\/IMG_6209-768x512.jpg 768w\" sizes=\"auto, (max-width: 1024px) 100vw, 1024px\" \/><\/figure><\/li><li class=\"blocks-gallery-item\"><figure><img loading=\"lazy\" decoding=\"async\" width=\"1024\" height=\"725\" src=\"https:\/\/www.ghosteyes.fi\/aaveet\/wp-content\/uploads\/2018\/01\/foxi4-1024x725.jpg\" alt=\"\" data-id=\"487\" data-link=\"https:\/\/www.ghosteyes.fi\/aaveet\/foxi\/attachment\/olympus-digital-camera-4\/\" class=\"wp-image-487\"\/><\/figure><\/li><\/ul>\n","protected":false},"excerpt":{"rendered":"<p>Australianpaimenkoira narttu Bordetella&#8217;s Ghosteye Fox &#8221;Foxi&#8221; sukutaulu s. 19.03.2014 Terveys selk\u00e4: VA0 (normaali), lukum\u00e4\u00e4r\u00e4: 0, LTV0 (normaali) silm\u00e4t: OK\/2015 lonkat: C\/B polvet: 0\/0 kyyn\u00e4reet: 0\/2 \u00a0<\/p>\n","protected":false},"author":1,"featured_media":0,"parent":0,"menu_order":0,"comment_status":"closed","ping_status":"closed","template":"","meta":{"sfsi_plus_gutenberg_text_before_share":"","sfsi_plus_gutenberg_show_text_before_share":"","sfsi_plus_gutenberg_icon_type":"","sfsi_plus_gutenberg_icon_alignemt":"","sfsi_plus_gutenburg_max_per_row":"","footnotes":""},"class_list":["post-182","page","type-page","status-publish","hentry"],"aioseo_notices":[],"_links":{"self":[{"href":"https:\/\/www.ghosteyes.fi\/aaveet\/wp-json\/wp\/v2\/pages\/182","targetHints":{"allow":["GET"]}}],"collection":[{"href":"https:\/\/www.ghosteyes.fi\/aaveet\/wp-json\/wp\/v2\/pages"}],"about":[{"href":"https:\/\/www.ghosteyes.fi\/aaveet\/wp-json\/wp\/v2\/types\/page"}],"author":[{"embeddable":true,"href":"https:\/\/www.ghosteyes.fi\/aaveet\/wp-json\/wp\/v2\/users\/1"}],"replies":[{"embeddable":true,"href":"https:\/\/www.ghosteyes.fi\/aaveet\/wp-json\/wp\/v2\/comments?post=182"}],"version-history":[{"count":14,"href":"https:\/\/www.ghosteyes.fi\/aaveet\/wp-json\/wp\/v2\/pages\/182\/revisions"}],"predecessor-version":[{"id":990,"href":"https:\/\/www.ghosteyes.fi\/aaveet\/wp-json\/wp\/v2\/pages\/182\/revisions\/990"}],"wp:attachment":[{"href":"https:\/\/www.ghosteyes.fi\/aaveet\/wp-json\/wp\/v2\/media?parent=182"}],"curies":[{"name":"wp","href":"https:\/\/api.w.org\/{rel}","templated":true}]}}