{"id":12,"date":"2018-01-22T18:49:48","date_gmt":"2018-01-22T18:49:48","guid":{"rendered":"http:\/\/www.ghosteyes.fi\/aaveet\/?page_id=12"},"modified":"2026-05-05T18:27:50","modified_gmt":"2026-05-05T18:27:50","slug":"etusivu-2","status":"publish","type":"page","link":"https:\/\/www.ghosteyes.fi\/aaveet\/","title":{"rendered":"Etusivu"},"content":{"rendered":"<p style=\"text-align: center;\">Tervetuloa Kennel Ghosteye&#8217;s:n sivuille!<\/p>\n<p style=\"text-align: center;\">Olen Marjo Ratilainen ja asun perheeni ja el\u00e4inlaumamme kanssa Kiimingiss\u00e4. Kasvatan australianpaimenkoiria ja pieniamerikanpaimenkoiria tavoitteenani terve, rodunomaisen luonteen omaava, ulkon\u00e4\u00f6lt\u00e4\u00e4n hyv\u00e4 rotunsa edustaja. Koira jossa on yhdistettyn\u00e4 hyv\u00e4 harrastus- ett\u00e4 my\u00f6skin kotikoira joka soveltuu kaikenlaisiin ymp\u00e4rist\u00f6ihin. Koira, josta on my\u00f6s rodunomaiseen k\u00e4ytt\u00f6tarkoitukseen. Tarkoituksena on kasvattaa pienimuotoisesti pentue silloin t\u00e4ll\u00f6in, sill\u00e4 koirat ovat minulle kuitenkin p\u00e4\u00e4asiassa harrastuskavereita.<\/p>\n<p style=\"text-align: center;\"><a href=\"https:\/\/www.ghosteyes.fi\/aaveet\/pampai-pentuja\/\"><em>Ensimm\u00e4inen pampai-pentue tulossa!<\/em><\/a><\/p>\n<p style=\"text-align: center;\"><a href=\"https:\/\/www.ghosteyes.fi\/aaveet\/wp-content\/uploads\/2026\/03\/IMG_5517-scaled-e1774199481592.jpeg\"><img loading=\"lazy\" decoding=\"async\" class=\"aligncenter size-medium wp-image-2386\" src=\"https:\/\/www.ghosteyes.fi\/aaveet\/wp-content\/uploads\/2026\/03\/IMG_5517-scaled-e1774199464323-262x300.jpeg\" alt=\"\" width=\"262\" height=\"300\" \/><\/a><\/p>\n<hr \/>\n<p style=\"text-align: center;\"><em>YHTEYSTIEDOT<\/em><\/p>\n<p style=\"text-align: center;\"><em>Kennel Ghosteye&#8217;s<\/em><br \/><em>Marjo Ratilainen<\/em><br \/><em>Kiiminki<\/em><\/p>\n<p style=\"text-align: center;\"><em>045-6338133<\/em><br \/><em>kennelghosteyes<\/em>\u00a0@ <em>gmail.com<\/em><\/p>\n<p style=\"text-align: center;\"><em>FINLAND<\/em><\/p>\n\n<div class=\"wp-block-image is-style-default\">\n<figure class=\"aligncenter size-large is-resized\"><a href=\"https:\/\/www.ghosteyes.fi\/aaveet\/wp-content\/uploads\/2026\/01\/Nayttokuva-2026-01-07-kello-23.59.46.png\"><img loading=\"lazy\" decoding=\"async\" width=\"1024\" height=\"1018\" src=\"https:\/\/www.ghosteyes.fi\/aaveet\/wp-content\/uploads\/2026\/01\/Nayttokuva-2026-01-07-kello-23.59.46-1024x1018.png\" alt=\"\" class=\"wp-image-2299\" style=\"width:432px;height:auto\" srcset=\"https:\/\/www.ghosteyes.fi\/aaveet\/wp-content\/uploads\/2026\/01\/Nayttokuva-2026-01-07-kello-23.59.46-1024x1018.png 1024w, https:\/\/www.ghosteyes.fi\/aaveet\/wp-content\/uploads\/2026\/01\/Nayttokuva-2026-01-07-kello-23.59.46-300x298.png 300w, https:\/\/www.ghosteyes.fi\/aaveet\/wp-content\/uploads\/2026\/01\/Nayttokuva-2026-01-07-kello-23.59.46-150x150.png 150w, https:\/\/www.ghosteyes.fi\/aaveet\/wp-content\/uploads\/2026\/01\/Nayttokuva-2026-01-07-kello-23.59.46-768x763.png 768w, https:\/\/www.ghosteyes.fi\/aaveet\/wp-content\/uploads\/2026\/01\/Nayttokuva-2026-01-07-kello-23.59.46-1536x1526.png 1536w, https:\/\/www.ghosteyes.fi\/aaveet\/wp-content\/uploads\/2026\/01\/Nayttokuva-2026-01-07-kello-23.59.46.png 1597w\" sizes=\"auto, (max-width: 1024px) 100vw, 1024px\" \/><\/a><\/figure>\n<\/div>\n\n\n<p><\/p>\n","protected":false},"excerpt":{"rendered":"<p>Tervetuloa Kennel Ghosteye&#8217;s:n sivuille! Olen Marjo Ratilainen ja asun perheeni ja el\u00e4inlaumamme kanssa Kiimingiss\u00e4. Kasvatan australianpaimenkoiria ja pieniamerikanpaimenkoiria tavoitteenani terve, rodunomaisen luonteen omaava, ulkon\u00e4\u00f6lt\u00e4\u00e4n hyv\u00e4 rotunsa edustaja. Koira jossa on yhdistettyn\u00e4 hyv\u00e4 harrastus- ett\u00e4 my\u00f6skin kotikoira joka soveltuu kaikenlaisiin ymp\u00e4rist\u00f6ihin. Koira, josta on my\u00f6s rodunomaiseen k\u00e4ytt\u00f6tarkoitukseen. Tarkoituksena on kasvattaa pienimuotoisesti pentue silloin t\u00e4ll\u00f6in, sill\u00e4 koirat&#8230;<\/p>\n","protected":false},"author":1,"featured_media":0,"parent":0,"menu_order":0,"comment_status":"closed","ping_status":"closed","template":"","meta":{"sfsi_plus_gutenberg_text_before_share":"","sfsi_plus_gutenberg_show_text_before_share":"","sfsi_plus_gutenberg_icon_type":"","sfsi_plus_gutenberg_icon_alignemt":"","sfsi_plus_gutenburg_max_per_row":"","footnotes":""},"class_list":["post-12","page","type-page","status-publish","hentry"],"aioseo_notices":[],"_links":{"self":[{"href":"https:\/\/www.ghosteyes.fi\/aaveet\/wp-json\/wp\/v2\/pages\/12","targetHints":{"allow":["GET"]}}],"collection":[{"href":"https:\/\/www.ghosteyes.fi\/aaveet\/wp-json\/wp\/v2\/pages"}],"about":[{"href":"https:\/\/www.ghosteyes.fi\/aaveet\/wp-json\/wp\/v2\/types\/page"}],"author":[{"embeddable":true,"href":"https:\/\/www.ghosteyes.fi\/aaveet\/wp-json\/wp\/v2\/users\/1"}],"replies":[{"embeddable":true,"href":"https:\/\/www.ghosteyes.fi\/aaveet\/wp-json\/wp\/v2\/comments?post=12"}],"version-history":[{"count":93,"href":"https:\/\/www.ghosteyes.fi\/aaveet\/wp-json\/wp\/v2\/pages\/12\/revisions"}],"predecessor-version":[{"id":2467,"href":"https:\/\/www.ghosteyes.fi\/aaveet\/wp-json\/wp\/v2\/pages\/12\/revisions\/2467"}],"wp:attachment":[{"href":"https:\/\/www.ghosteyes.fi\/aaveet\/wp-json\/wp\/v2\/media?parent=12"}],"curies":[{"name":"wp","href":"https:\/\/api.w.org\/{rel}","templated":true}]}}