{"id":1092,"date":"2020-06-08T08:24:49","date_gmt":"2020-06-08T08:24:49","guid":{"rendered":"https:\/\/www.ghosteyes.fi\/aaveet\/?page_id=1092"},"modified":"2024-06-20T18:55:43","modified_gmt":"2024-06-20T18:55:43","slug":"k","status":"publish","type":"page","link":"https:\/\/www.ghosteyes.fi\/aaveet\/k\/","title":{"rendered":"K"},"content":{"rendered":"<p style=\"text-align: center;\"><strong>Pikipaimenen Tulip\u00e4\u00e4hippi\u00e4inen\u00a0<\/strong>x<strong>\u00a0Tuulensaaren Ruusa<\/strong><\/p>\n<p style=\"text-align: center;\"><a href=\"https:\/\/jalostus.kennelliitto.fi\/frmSukutaulu.aspx?RekNoI=FI34354\/14&amp;ReknoE=FI54785\/16\">sukutaulu<\/a><\/p>\n<p style=\"text-align: center;\">s. 24.4.2020<\/p>\n<hr \/>\n<p style=\"text-align: center;\">Ghosteye\u2019s Kachina \u201cAino\u201d<\/p>\n<p style=\"text-align: center;\"><a href=\"https:\/\/www.ghosteyes.fi\/aaveet\/wp-content\/uploads\/2022\/10\/aino-1-e1675451467529.jpg\"><img loading=\"lazy\" decoding=\"async\" class=\"alignnone wp-image-1656\" src=\"https:\/\/www.ghosteyes.fi\/aaveet\/wp-content\/uploads\/2022\/10\/aino-1-e1675451467529-300x245.jpg\" alt=\"\" width=\"245\" height=\"200\" \/><\/a><\/p>\n<p style=\"text-align: center;\"><a href=\"https:\/\/www.wisdompanel.com\/app\/s\/f4bc2d9\">DNA-testi<\/a><\/p>\n<hr \/>\n<p style=\"text-align: center;\"><em>TK2 RTK2\u00a0<\/em>Ghosteye\u2019s Kiwidinok \u201cSansa\u201d<\/p>\n<p style=\"text-align: center;\"><a href=\"https:\/\/www.ghosteyes.fi\/aaveet\/wp-content\/uploads\/2021\/11\/FB_IMG_1636795389005.jpg\"><img loading=\"lazy\" decoding=\"async\" class=\"alignnone wp-image-1544\" src=\"https:\/\/www.ghosteyes.fi\/aaveet\/wp-content\/uploads\/2021\/11\/FB_IMG_1636795389005-300x242.jpg\" alt=\"\" width=\"248\" height=\"200\" \/><\/a><\/p>\n<hr \/>\n<p style=\"text-align: center;\">Ghosteye\u2019s Kuwanyauma \u201cKuva\u201d<\/p>\n<p style=\"text-align: center;\"><a href=\"https:\/\/www.ghosteyes.fi\/aaveet\/wp-content\/uploads\/2020\/06\/DSC_0065-scaled-e1591856502360.jpg\"><img loading=\"lazy\" decoding=\"async\" class=\"alignnone wp-image-1122\" src=\"https:\/\/www.ghosteyes.fi\/aaveet\/wp-content\/uploads\/2020\/06\/DSC_0065-225x300.jpg\" alt=\"\" width=\"150\" height=\"200\" \/><\/a><\/p>\n<hr \/>\n<p style=\"text-align: center;\">Ghosteye\u2019s Kisecawchuck \u201cKawa\u201d<\/p>\n<p style=\"text-align: center;\"><a href=\"https:\/\/www.ghosteyes.fi\/aaveet\/wp-content\/uploads\/2020\/06\/DSC_0067-scaled-e1591856543215.jpg\"><img loading=\"lazy\" decoding=\"async\" class=\"alignnone wp-image-1124\" src=\"https:\/\/www.ghosteyes.fi\/aaveet\/wp-content\/uploads\/2020\/06\/DSC_0067-225x300.jpg\" alt=\"\" width=\"150\" height=\"200\" \/><\/a><\/p>\n<hr \/>\n<p style=\"text-align: center;\">Ghosteye\u2019s Koshisigre \u201cRoti\u201d (R.I.P. 2023)<\/p>\n<p style=\"text-align: center;\"><a href=\"https:\/\/www.ghosteyes.fi\/aaveet\/wp-content\/uploads\/2020\/06\/DSC_0072-scaled-e1591856579490.jpg\"><img loading=\"lazy\" decoding=\"async\" class=\"alignnone wp-image-1120\" src=\"https:\/\/www.ghosteyes.fi\/aaveet\/wp-content\/uploads\/2020\/06\/DSC_0072-225x300.jpg\" alt=\"\" width=\"150\" height=\"200\" \/><\/a><\/p>\n<hr \/>\n<p style=\"text-align: center;\">Ghosteye\u2019s Kuckuniwi \u201cTaavi\u201d<\/p>\n<p style=\"text-align: center;\"><a href=\"https:\/\/www.ghosteyes.fi\/aaveet\/wp-content\/uploads\/2021\/11\/IMG_6398-e1636828271965.jpg\"><img loading=\"lazy\" decoding=\"async\" class=\"alignnone wp-image-1543\" src=\"https:\/\/www.ghosteyes.fi\/aaveet\/wp-content\/uploads\/2021\/11\/IMG_6398-300x200.jpg\" alt=\"\" width=\"260\" height=\"173\" \/><\/a><\/p>\n","protected":false},"excerpt":{"rendered":"<p>Pikipaimenen Tulip\u00e4\u00e4hippi\u00e4inen\u00a0x\u00a0Tuulensaaren Ruusa sukutaulu s. 24.4.2020 Ghosteye\u2019s Kachina \u201cAino\u201d DNA-testi TK2 RTK2\u00a0Ghosteye\u2019s Kiwidinok \u201cSansa\u201d Ghosteye\u2019s Kuwanyauma \u201cKuva\u201d Ghosteye\u2019s Kisecawchuck \u201cKawa\u201d Ghosteye\u2019s Koshisigre \u201cRoti\u201d (R.I.P. 2023) Ghosteye\u2019s Kuckuniwi \u201cTaavi\u201d<\/p>\n","protected":false},"author":1,"featured_media":0,"parent":0,"menu_order":0,"comment_status":"closed","ping_status":"closed","template":"","meta":{"sfsi_plus_gutenberg_text_before_share":"","sfsi_plus_gutenberg_show_text_before_share":"","sfsi_plus_gutenberg_icon_type":"","sfsi_plus_gutenberg_icon_alignemt":"","sfsi_plus_gutenburg_max_per_row":"","footnotes":""},"class_list":["post-1092","page","type-page","status-publish","hentry"],"aioseo_notices":[],"_links":{"self":[{"href":"https:\/\/www.ghosteyes.fi\/aaveet\/wp-json\/wp\/v2\/pages\/1092","targetHints":{"allow":["GET"]}}],"collection":[{"href":"https:\/\/www.ghosteyes.fi\/aaveet\/wp-json\/wp\/v2\/pages"}],"about":[{"href":"https:\/\/www.ghosteyes.fi\/aaveet\/wp-json\/wp\/v2\/types\/page"}],"author":[{"embeddable":true,"href":"https:\/\/www.ghosteyes.fi\/aaveet\/wp-json\/wp\/v2\/users\/1"}],"replies":[{"embeddable":true,"href":"https:\/\/www.ghosteyes.fi\/aaveet\/wp-json\/wp\/v2\/comments?post=1092"}],"version-history":[{"count":30,"href":"https:\/\/www.ghosteyes.fi\/aaveet\/wp-json\/wp\/v2\/pages\/1092\/revisions"}],"predecessor-version":[{"id":2072,"href":"https:\/\/www.ghosteyes.fi\/aaveet\/wp-json\/wp\/v2\/pages\/1092\/revisions\/2072"}],"wp:attachment":[{"href":"https:\/\/www.ghosteyes.fi\/aaveet\/wp-json\/wp\/v2\/media?parent=1092"}],"curies":[{"name":"wp","href":"https:\/\/api.w.org\/{rel}","templated":true}]}}